{"id":17,"date":"2011-10-25T22:16:05","date_gmt":"2011-10-25T20:16:05","guid":{"rendered":"http:\/\/jhso.cz\/?page_id=17"},"modified":"2021-09-22T19:49:26","modified_gmt":"2021-09-22T17:49:26","slug":"clenove","status":"publish","type":"page","link":"https:\/\/jhso.cz\/?page_id=17","title":{"rendered":"\u010clenov\u00e9"},"content":{"rendered":"<p><!--:CS--><\/p>\n<p><strong>Hous\u00adle I&nbsp;<\/strong>Eva \u0160ib\u0159i\u00adno\u00adv\u00e1 \u2014 kon\u00adcert\u00adn\u00ed&nbsp;mistr<br>\nDaniel Smej\u00adkal, Danie\u00adla H\u00e1vo\u00adv\u00e1, V\u00e1c\u00adlav Von\u00e1\u00ad\u0161ek, S\u00e1ra Jus\u00adko\u00adv\u00e1, Ane\u00adta Sko\u00ad\u0159e\u00adpo\u00adv\u00e1,&nbsp;Tom\u00e1\u0161<br>\nVodi\u010d\u00adka, Sta\u00adni\u00adslav Jiru\u00adcha, Ven\u00addu\u00adla Koran\u00addo\u00adv\u00e1, Kate\u00ad\u0159i\u00adna Bed\u00adn\u00e1\u00ad\u0159o\u00adv\u00e1, Karin Spurn\u00e1<\/p>\n<p><strong>Hous\u00adle <span class=\"caps\">II<\/span><\/strong>Lud\u00admi\u00adla Pla\u00adch\u00e1, Len\u00adka Li\u0161\u00adka\u00ad\u0159o\u00adv\u00e1, Hana Krej\u00ad\u010do\u00adv\u00e1, Pav\u00adla Kom\u00edn\u00adko\u00adv\u00e1, Josef Suk, Petr Hejda, Jin\u00add\u0159i\u0161\u00adka&nbsp;Pajchlov\u00e1<\/p>\n<p align=\"left\"><strong>Vio\u00adla<\/strong> Vla\u00addi\u00adm\u00edr Bar\u00adto\u0161, Vio\u00adla Sassma\u00adno\u00adv\u00e1, Len\u00adka Nov\u00e1\u00adko\u00adv\u00e1, Lubo\u0161 \u0158eh\u00e1k, Voj\u00adt\u011bch Kom\u00ed\u00adnek, Jaro\u00adslav Martin\u016f<\/p>\n<p align=\"left\"><strong>Vio\u00adlon\u00adcello<\/strong> Ilo\u00adna Pr\u016f\u00ad\u0161o\u00adv\u00e1, Otta Semle\u00adro\u00adv\u00e1, Ad\u00e9la Flo\u00adri\u00ada\u00adno\u00adv\u00e1, Adam Kom\u00ed\u00adnek, Boh\u00adda\u00adna F\u00f6rd\u00f6sov\u00e1<\/p>\n<p align=\"left\"><strong>Kon\u00adtra\u00adbas<\/strong> Petr Kop\u00e1\u00ad\u010dek, Bohu\u00admil Kom\u00ednek<\/p>\n<p><strong>Fl\u00e9t\u00adna&nbsp;<\/strong>Jana Bud\u00ed\u00adno\u00adv\u00e1, Jaro\u00adsla\u00adva \u0160lechtov\u00e1<\/p>\n<p><strong>Pico\u00adla<\/strong> Kate\u00ad\u0159i\u00adna Zemanov\u00e1<\/p>\n<p><strong>Hoboj<\/strong> Jan \u0158ez\u00adn\u00ed\u00ad\u010dek, Josef&nbsp;Pinkr<\/p>\n<p><strong>Kla\u00adri\u00adnet<\/strong> Josef Vach\u00adta, Ond\u0159ej Tom\u0161a<\/p>\n<p><strong>Fagot<\/strong> Tom\u00e1\u0161 Holick\u00fd<\/p>\n<p align=\"left\"><strong>Les\u00adn\u00ed roh&nbsp;<\/strong>Mar\u00adk\u00e9\u00adta Von\u00addro\u00adv\u00e1, Joha\u00adna Kol\u00e1\u00ad\u0159o\u00adv\u00e1, Vero\u00adni\u00adka F\u00f6r\u00add\u00f6\u00adso\u00adv\u00e1, Miroslav Koch\u00e1nek<\/p>\n<p><strong>Trub\u00adka <\/strong>Len\u00adka \u017di\u017e\u00adko\u00adv\u00e1, \u0160t\u011b\u00adp\u00e1n Dole\u017eel<\/p>\n<p align=\"left\"><strong>Pozoun<\/strong> Ana\u00adst\u00e1\u00adzie Zema\u00adno\u00adv\u00e1, Mar\u00adtin Jarath, Petr Gra\u00adman, Tom\u00e1\u0161 Voburka<\/p>\n<p><strong>Tuba <\/strong>Ji\u0159\u00ed Goll<\/p>\n<p><strong>Tym\u00adp\u00e1\u00adny <\/strong>Miroslav Hor\u00e1k<\/p>\n<p><strong>Bic\u00ed <\/strong>Tom\u00e1\u0161 Bud\u00edn<\/p>\n<p><strong>Kla\u00adv\u00edr, cem\u00adba\u00adlo:<\/strong> Ale\u0161 Paichl<\/p>\n<p><!--:--><\/p>\n","protected":false},"excerpt":{"rendered":"<p>Hous\u00adle I&nbsp;Eva \u0160ib\u0159i\u00adno\u00adv\u00e1 \u2014 kon\u00adcert\u00adn\u00ed&nbsp;mis\u00adtr Daniel Smej\u00adkal, Danie\u00adla H\u00e1vo\u00adv\u00e1, V\u00e1c\u00adlav Von\u00e1\u00ad\u0161ek, S\u00e1ra Jus\u00adko\u00adv\u00e1, Ane\u00adta Sko\u00ad\u0159e\u00adpo\u00adv\u00e1,&nbsp;Tom\u00e1\u0161 Vodi\u010d\u00adka, Sta\u00adni\u00adslav Jiru\u00adcha, Ven\u00addu\u00adla Koran\u00addo\u00adv\u00e1, Kate\u00ad\u0159i\u00adna Bed\u00adn\u00e1\u00ad\u0159o\u00adv\u00e1, Karin Spur\u00adn\u00e1 Hous\u00adle IILud\u00admi\u00adla Pla\u00adch\u00e1, Len\u00adka Li\u0161\u00adka\u00ad\u0159o\u00adv\u00e1, Hana Krej\u00ad\u010do\u00adv\u00e1, Pav\u00adla Kom\u00edn\u00adko\u00adv\u00e1, Josef Suk, Petr Hejda, Jin\u00add\u0159i\u0161\u00adka&nbsp;Pajch\u00adlo\u00adv\u00e1 Vio\u00adla Vla\u00addi\u00adm\u00edr <a class=\"more-link\" href=\"https:\/\/jhso.cz\/?page_id=17\">Con\u00adti\u00adnue rea\u00adding <span class=\"meta-nav\">\u2192<\/span><\/a><\/p>\n","protected":false},"author":1,"featured_media":0,"parent":9,"menu_order":49,"comment_status":"closed","ping_status":"closed","template":"","meta":{"wp_typography_post_enhancements_disabled":false,"ngg_post_thumbnail":0,"footnotes":""},"tags":[],"_links":{"self":[{"href":"https:\/\/jhso.cz\/index.php?rest_route=\/wp\/v2\/pages\/17"}],"collection":[{"href":"https:\/\/jhso.cz\/index.php?rest_route=\/wp\/v2\/pages"}],"about":[{"href":"https:\/\/jhso.cz\/index.php?rest_route=\/wp\/v2\/types\/page"}],"author":[{"embeddable":true,"href":"https:\/\/jhso.cz\/index.php?rest_route=\/wp\/v2\/users\/1"}],"replies":[{"embeddable":true,"href":"https:\/\/jhso.cz\/index.php?rest_route=%2Fwp%2Fv2%2Fcomments&post=17"}],"version-history":[{"count":26,"href":"https:\/\/jhso.cz\/index.php?rest_route=\/wp\/v2\/pages\/17\/revisions"}],"predecessor-version":[{"id":5416,"href":"https:\/\/jhso.cz\/index.php?rest_route=\/wp\/v2\/pages\/17\/revisions\/5416"}],"up":[{"embeddable":true,"href":"https:\/\/jhso.cz\/index.php?rest_route=\/wp\/v2\/pages\/9"}],"wp:attachment":[{"href":"https:\/\/jhso.cz\/index.php?rest_route=%2Fwp%2Fv2%2Fmedia&parent=17"}],"wp:term":[{"taxonomy":"post_tag","embeddable":true,"href":"https:\/\/jhso.cz\/index.php?rest_route=%2Fwp%2Fv2%2Ftags&post=17"}],"curies":[{"name":"wp","href":"https:\/\/api.w.org\/{rel}","templated":true}]}}