{"id":21,"date":"2011-10-25T22:19:17","date_gmt":"2011-10-25T20:19:17","guid":{"rendered":"http:\/\/jhso.cz\/?page_id=21"},"modified":"2015-03-13T22:01:03","modified_gmt":"2015-03-13T21:01:03","slug":"repertoar","status":"publish","type":"page","link":"https:\/\/jhso.cz\/?page_id=21","title":{"rendered":"Reperto\u00e1r"},"content":{"rendered":"<p><!--:CS--><\/p>\n<table width=\"389\" border=\"0\" cellspacing=\"0\" cellpadding=\"0\">\n<tbody>\n<tr>\n<td width=\"128\" height=\"17\">Skla\u00adda\u00adtel<\/td>\n<td width=\"261\">D\u00edlo<\/td>\n<\/tr>\n<tr>\n<td height=\"17\">Bach J.S.<\/td>\n<td>Air<\/td>\n<\/tr>\n<tr>\n<td height=\"17\">Bach J.S.<\/td>\n<td>Bra\u00adni\u00adbor\u00adsk\u00fd kon\u00adcert \u010d. 4&nbsp;G dur<\/td>\n<\/tr>\n<tr>\n<td height=\"17\">Bach J.S.<\/td>\n<td>Kon\u00adcert d&nbsp;Moll pro dvo\u00adje housle<\/td>\n<\/tr>\n<tr>\n<td height=\"17\">Bach J.S.<\/td>\n<td>Orchest\u00adr\u00e1l\u00adn\u00ed sui\u00adta h&nbsp;Moll \u2014 ouvert\u00fare<\/td>\n<\/tr>\n<tr>\n<td height=\"17\">Bach J.S.<\/td>\n<td>Sui\u00adta h \u2014 Moll pro fl\u00e9t\u00adnu a&nbsp;orchestr<\/td>\n<\/tr>\n<tr>\n<td height=\"17\">Barthol\u00addy F.M.<\/td>\n<td>Sin\u00adfo\u00adnia h&nbsp;Moll X.<\/td>\n<\/tr>\n<tr>\n<td height=\"17\">Beetho\u00adven L.v.<\/td>\n<td>p\u0159e\u00adde\u00adhra k&nbsp;ope\u00ad\u0159e Coriolan<\/td>\n<\/tr>\n<tr>\n<td height=\"17\">Beetho\u00adven L.v.<\/td>\n<td>p\u0159e\u00adde\u00adhra k&nbsp;ope\u00ad\u0159e Egmont<\/td>\n<\/tr>\n<tr>\n<td height=\"17\">Beetho\u00adven L.v.<\/td>\n<td>Roman\u00adza<\/td>\n<\/tr>\n<tr>\n<td height=\"17\">Beetho\u00adven L.v.<\/td>\n<td>Sym\u00adfo\u00adnie \u010d. 1&nbsp;C&nbsp;dur<\/td>\n<\/tr>\n<tr>\n<td height=\"17\">Beetho\u00adven L.v.<\/td>\n<td>Sym\u00adfo\u00adnie \u010d. 5&nbsp;&nbsp;c&nbsp;Moll<\/td>\n<\/tr>\n<tr>\n<td height=\"17\">Beetho\u00adven L.v.<\/td>\n<td>Sym\u00adfo\u00adnie \u010d. 6&nbsp;F&nbsp;dur<\/td>\n<\/tr>\n<tr>\n<td height=\"17\">Ben\u00adda J.A.<\/td>\n<td>Sin\u00adfo\u00adnia B&nbsp;dur<\/td>\n<\/tr>\n<tr>\n<td height=\"17\">Ber\u00adlin&nbsp;I.<\/td>\n<td>B\u00edl\u00e9 v\u00e1no\u00adce<\/td>\n<\/tr>\n<tr>\n<td height=\"17\">Bin\u00adge&nbsp;R.<\/td>\n<td>Al\u017e\u00adb\u011bt\u00edn\u00adsk\u00e1 seren\u00e1da<\/td>\n<\/tr>\n<tr>\n<td height=\"17\">Bizet G.<\/td>\n<td>Agnus dei<\/td>\n<\/tr>\n<tr>\n<td height=\"17\">Bizet G.<\/td>\n<td>\u00c1rie Car\u00admen \u201c Habanera\u201c<\/td>\n<\/tr>\n<tr>\n<td height=\"17\">Bizet G.<\/td>\n<td>Car\u00admen sui\u00adta 1. a&nbsp;2.<\/td>\n<\/tr>\n<tr>\n<td height=\"17\">Boiel\u00addi\u00aden&nbsp;A.<\/td>\n<td>p\u0159e\u00adde\u00adhra k&nbsp;ope\u00ad\u0159e Kalif z&nbsp;Bagd\u00e1du<\/td>\n<\/tr>\n<tr>\n<td height=\"17\">Bon\u00adner A.Z.<\/td>\n<td>Kole\u00adda se zvonky<\/td>\n<\/tr>\n<tr>\n<td height=\"17\">Brahms J.<\/td>\n<td>Uher\u00adsk\u00fd tanec \u010d.&nbsp;5<\/td>\n<\/tr>\n<tr>\n<td height=\"17\">Brahms J.<\/td>\n<td>Uher\u00adsk\u00fd tanec \u010d.&nbsp;6<\/td>\n<\/tr>\n<tr>\n<td height=\"17\">Brahms J.<\/td>\n<td>Uher\u00adsk\u00fd tanec \u010d.&nbsp;7<\/td>\n<\/tr>\n<tr>\n<td height=\"17\">Brit\u00adten&nbsp;B.<\/td>\n<td>Sim\u00adple symphony<\/td>\n<\/tr>\n<tr>\n<td height=\"17\">Bur\u00adghauser J.<\/td>\n<td>Mal\u00e1 tru\u00adba\u010d\u00adsk\u00e1 kn\u00ed\u017eka<\/td>\n<\/tr>\n<tr>\n<td height=\"17\">Bux\u00adte\u00adhu\u00adde&nbsp;D.<\/td>\n<td>Fan\u00adf\u00e1\u00adra a&nbsp;chorus<\/td>\n<\/tr>\n<tr>\n<td height=\"17\">Corel\u00adli&nbsp;A.<\/td>\n<td>Con\u00adcer\u00adto gros\u00adso D&nbsp;dur<\/td>\n<\/tr>\n<tr>\n<td height=\"17\">Corel\u00adli&nbsp;A.<\/td>\n<td>Con\u00adcer\u00adto gros\u00adso g&nbsp;Moll<\/td>\n<\/tr>\n<tr>\n<td height=\"17\">Dit\u00adters&nbsp;C.<\/td>\n<td>Sym\u00adfo\u00adnie \u010d.2 D&nbsp;dur<\/td>\n<\/tr>\n<tr>\n<td height=\"17\">Dvo\u00ad\u0159\u00e1k&nbsp;A.<\/td>\n<td>\u00c1rie je\u017ei\u00adba\u00adby z&nbsp;ope\u00adry Rusalka<\/td>\n<\/tr>\n<tr>\n<td height=\"17\">Dvo\u00ad\u0159\u00e1k&nbsp;A.<\/td>\n<td>Bib\u00adlic\u00adk\u00e9 p\u00eds\u00adn\u011b I\u2011X.<\/td>\n<\/tr>\n<tr>\n<td height=\"17\">Dvo\u00ad\u0159\u00e1k&nbsp;A.<\/td>\n<td>\u010ces\u00adk\u00e1&nbsp;suita<\/td>\n<\/tr>\n<tr>\n<td height=\"17\">Dvo\u00ad\u0159\u00e1k&nbsp;A.<\/td>\n<td>Kon\u00adcert a&nbsp;Moll pro hous\u00adle a&nbsp;orchestr<\/td>\n<\/tr>\n<tr>\n<td height=\"17\">Dvo\u00ad\u0159\u00e1k&nbsp;A.<\/td>\n<td>Legen\u00addy \u010d. 1 \u201110.<\/td>\n<\/tr>\n<tr>\n<td height=\"17\">Dvo\u00ad\u0159\u00e1k&nbsp;A.<\/td>\n<td>Polon\u00e9\u00adza Es&nbsp;dur<\/td>\n<\/tr>\n<tr>\n<td height=\"17\">Dvo\u00ad\u0159\u00e1k&nbsp;A.<\/td>\n<td>Pra\u017e\u00adsk\u00e9 val\u010d\u00edky<\/td>\n<\/tr>\n<tr>\n<td height=\"17\">Dvo\u00ad\u0159\u00e1k&nbsp;A.<\/td>\n<td>Slav\u00adnost\u00adn\u00ed pochod<\/td>\n<\/tr>\n<tr>\n<td height=\"17\">Dvo\u00ad\u0159\u00e1k&nbsp;A.<\/td>\n<td>Slo\u00advan\u00adsk\u00fd tanec \u010d.&nbsp;5<\/td>\n<\/tr>\n<tr>\n<td height=\"17\">Dvo\u00ad\u0159\u00e1k&nbsp;A.<\/td>\n<td>Slo\u00advan\u00adsk\u00fd tanec \u010d.&nbsp;7<\/td>\n<\/tr>\n<tr>\n<td height=\"17\">Dvo\u00ad\u0159\u00e1k&nbsp;A.<\/td>\n<td>Slo\u00advan\u00adsk\u00fd tanec \u010d.&nbsp;8<\/td>\n<\/tr>\n<tr>\n<td height=\"17\">Dvo\u00ad\u0159\u00e1k&nbsp;A.<\/td>\n<td>Slo\u00advan\u00adsk\u00fd tanec \u010d.10<\/td>\n<\/tr>\n<tr>\n<td height=\"17\">Dvo\u00ad\u0159\u00e1k&nbsp;A.<\/td>\n<td>Slo\u00advan\u00adsk\u00fd tanec \u010d.14<\/td>\n<\/tr>\n<tr>\n<td height=\"17\">Dvo\u00ad\u0159\u00e1k&nbsp;A.<\/td>\n<td>Slo\u00advan\u00adsk\u00fd tanec \u010d.15<\/td>\n<\/tr>\n<tr>\n<td height=\"17\">Dvo\u00ad\u0159\u00e1k&nbsp;A.<\/td>\n<td>Slo\u00advan\u00adsk\u00fd tanec \u010d.16<\/td>\n<\/tr>\n<tr>\n<td height=\"17\">Dvo\u00ad\u0159\u00e1k&nbsp;A.<\/td>\n<td>Sta\u00adbat Mater \u2014 alto\u00adv\u00e9&nbsp;s\u00f3lo<\/td>\n<\/tr>\n<tr>\n<td height=\"17\">Dvo\u00ad\u0159\u00e1k&nbsp;A.<\/td>\n<td>Sui\u00adta A&nbsp;dur<\/td>\n<\/tr>\n<tr>\n<td height=\"17\">Dvo\u00ad\u0159\u00e1k&nbsp;A.<\/td>\n<td>Sym\u00adfo\u00adnie \u010d.&nbsp;6<\/td>\n<\/tr>\n<tr>\n<td height=\"17\">Dvo\u00ad\u0159\u00e1k&nbsp;A.<\/td>\n<td>Sym\u00adfo\u00adnie \u010d.9 \u201c Z&nbsp;nov\u00e9\u00adho&nbsp;sv\u011bta\u201c<\/td>\n<\/tr>\n<tr>\n<td height=\"17\">Dvo\u00ad\u0159\u00e1k&nbsp;A.<\/td>\n<td>\u017dalm 149<\/td>\n<\/tr>\n<tr>\n<td height=\"17\">Elgar E.<\/td>\n<td>Pomp and Cirkumstance<\/td>\n<\/tr>\n<tr>\n<td height=\"17\">Fran\u00adco\u00adis&nbsp;C.<\/td>\n<td>My Way<\/td>\n<\/tr>\n<tr>\n<td height=\"17\">Fu\u010d\u00edk J.<\/td>\n<td>Mari\u00adna\u00adrel\u00adla<\/td>\n<\/tr>\n<tr>\n<td height=\"17\">Ger\u00adshwin&nbsp;G.<\/td>\n<td>Som\u00admer\u00adti\u00adme<\/td>\n<\/tr>\n<tr>\n<td height=\"17\">Grieg E.<\/td>\n<td>Peer Gynt<\/td>\n<\/tr>\n<tr>\n<td height=\"17\">Han\u00addel G.F.<\/td>\n<td>\u00c1rie Almi\u00adre\u00adny z&nbsp;ope\u00adry Rinaldo<\/td>\n<\/tr>\n<tr>\n<td height=\"17\">Han\u00addel G.F.<\/td>\n<td>Con\u00adcer\u00adto I. B&nbsp;dur<\/td>\n<\/tr>\n<tr>\n<td height=\"17\">Han\u00addel G.F.<\/td>\n<td>Lar\u00adgo z&nbsp;ope\u00adry Xerxes<\/td>\n<\/tr>\n<tr>\n<td height=\"17\">Haydn J.<\/td>\n<td>Kla\u00adv\u00edr\u00adn\u00ed kon\u00adcert D&nbsp;dur<\/td>\n<\/tr>\n<tr>\n<td height=\"17\">Haydn J.<\/td>\n<td>Kon\u00adcert C&nbsp;dur pro vio\u00adlon\u00adcello a&nbsp;orchestr<\/td>\n<\/tr>\n<tr>\n<td height=\"17\">Haydn J.<\/td>\n<td>Kon\u00adcert Es dur pro trub\u00adku a&nbsp;orchestr<\/td>\n<\/tr>\n<tr>\n<td height=\"17\">Haydn J.<\/td>\n<td>Kon\u00adcert G&nbsp;dur pro hous\u00adle a&nbsp;orchestr<\/td>\n<\/tr>\n<tr>\n<td height=\"17\">Haydn J.<\/td>\n<td>Te deum<\/td>\n<\/tr>\n<tr>\n<td height=\"17\">Cha\u00ad\u010da\u00adturjan A.<\/td>\n<td>\u00c1ria pro komor\u00adn\u00ed orchestr<\/td>\n<\/tr>\n<tr>\n<td height=\"17\">Char\u00adpen\u00adtier M.A.<\/td>\n<td>Te deum<\/td>\n<\/tr>\n<tr>\n<td height=\"17\">Jackson M.<\/td>\n<td>I Just Can\u00b4t Stop Loving You<\/td>\n<\/tr>\n<tr>\n<td height=\"17\">Jan\u00e1\u00ad\u010dek&nbsp;L.<\/td>\n<td>Sui\u00adta pro smy\u010d\u00adco\u00adv\u00fd orchestr<\/td>\n<\/tr>\n<tr>\n<td height=\"17\">Je\u0159\u00e1\u00adbek&nbsp;P.<\/td>\n<td>\u010ces\u00adk\u00e9 v\u00e1noce<\/td>\n<\/tr>\n<tr>\n<td height=\"17\">Je\u017eek J.<\/td>\n<td>Bugat\u00adti&nbsp;step<\/td>\n<\/tr>\n<tr>\n<td height=\"17\">Kal\u00adm\u00e1n&nbsp;E.<\/td>\n<td>p\u00edse\u0148 Syl\u00advy z&nbsp;ope\u00adre\u00adty \u010car\u00add\u00e1\u0161o\u00adv\u00e1 princezna<\/td>\n<\/tr>\n<tr>\n<td height=\"17\">Kan\u00adder&nbsp;J.<\/td>\n<td>New York<\/td>\n<\/tr>\n<tr>\n<td height=\"17\">Kou\u00addel\u00adka R.&nbsp;arr<\/td>\n<td><span class=\"caps\">ABBA<\/span> Med\u00adley<\/td>\n<\/tr>\n<tr>\n<td height=\"17\">Ko\u017ee\u00adluh&nbsp;L.<\/td>\n<td>P\u00edse\u0148 na slo\u00adva Metastasiova<\/td>\n<\/tr>\n<tr>\n<td height=\"17\">Ko\u017ee\u00adluh&nbsp;L.<\/td>\n<td>Sym\u00adfo\u00adnie g \u2011Moll<\/td>\n<\/tr>\n<tr>\n<td height=\"17\">Ko\u017ee\u00adluh V.E.<\/td>\n<td>Menu\u00ade\u00adti I.,&nbsp;V.<\/td>\n<\/tr>\n<tr>\n<td height=\"17\">Kra\u00adm\u00e1\u0159 F.V.<\/td>\n<td>Kon\u00adcert F&nbsp;dur pro hoboj a&nbsp;orchestr<\/td>\n<\/tr>\n<tr>\n<td height=\"17\">Kra\u00adm\u00e1\u0159 F.V.<\/td>\n<td>Kon\u00adcert pro kla\u00adri\u00adnet a&nbsp;orchestr<\/td>\n<\/tr>\n<tr>\n<td height=\"17\">K\u0159\u00ed\u00ad\u017eek&nbsp;Z.<\/td>\n<td>R\u00e1da bych k&nbsp;Betl\u00e9mu<\/td>\n<\/tr>\n<tr>\n<td height=\"17\">Kyp\u00adta J.E.<\/td>\n<td>\u010ces\u00adk\u00e1 pas\u00adto\u00adr\u00e1l\u00adn\u00ed m\u0161e A&nbsp;dur<\/td>\n<\/tr>\n<tr>\n<td height=\"17\">Leh\u00e1r F.<\/td>\n<td>p\u00edse\u0148 o&nbsp;Vilje z&nbsp;ope\u00adre\u00adty Vese\u00adl\u00e1&nbsp;vdova<\/td>\n<\/tr>\n<tr>\n<td height=\"17\">Linek J.I.<\/td>\n<td>Int\u00adr\u00e1\u00adda \u010d. 1. ,&nbsp;2.<\/td>\n<\/tr>\n<tr>\n<td height=\"17\">Linek J.I.<\/td>\n<td>Sin\u00adfo\u00adnia pastoralis<\/td>\n<\/tr>\n<tr>\n<td height=\"17\">Linek J.I.<\/td>\n<td>T\u0159i koru\u00adno\u00adva\u010d\u00adn\u00ed intr\u00e1dy<\/td>\n<\/tr>\n<tr>\n<td height=\"17\">Liszt F.<\/td>\n<td>Kon\u00adcert Es dur pro kla\u00adv\u00edr a&nbsp;orchestr<\/td>\n<\/tr>\n<tr>\n<td height=\"17\">Locke M.<\/td>\n<td>Hud\u00adba pro kr\u00e1\u00adle Charlese<\/td>\n<\/tr>\n<tr>\n<td height=\"17\">Mar\u00adcello&nbsp;B.<\/td>\n<td>Kon\u00adcert c&nbsp;Moll pro hoboj a&nbsp;orchestr<\/td>\n<\/tr>\n<tr>\n<td height=\"17\">Mar\u00adti\u00adn\u016f&nbsp;B.<\/td>\n<td>Sere\u00adn\u00e1\u00adda&nbsp;<span class=\"caps\">II<\/span><\/td>\n<\/tr>\n<tr>\n<td height=\"17\">Matou\u00ad\u0161ek&nbsp;V.<\/td>\n<td>V\u00e1no\u010d\u00adn\u00ed&nbsp;hudba<\/td>\n<\/tr>\n<tr>\n<td height=\"17\">M\u00ed\u010da F.V.<\/td>\n<td>Sin\u00adfo\u00adnie in&nbsp;Re<\/td>\n<\/tr>\n<tr>\n<td height=\"17\">Micha\u00adli\u010d\u00adka&nbsp;J.<\/td>\n<td>Pas\u00adto\u00adrel\u00adla in&nbsp;G<\/td>\n<\/tr>\n<tr>\n<td height=\"17\">Mich\u00adna A.V.<\/td>\n<td>Lahod\u00adnost kristova<\/td>\n<\/tr>\n<tr>\n<td height=\"17\">Mich\u00adna A.V.<\/td>\n<td>V\u00e1no\u010d\u00adn\u00ed kol\u00edbka<\/td>\n<\/tr>\n<tr>\n<td height=\"17\">Mich\u00adna A.V.<\/td>\n<td>V\u00e1no\u010d\u00adn\u00ed vin\u00ad\u0161o\u00adva\u00adn\u00e1&nbsp;po\u0161ta<\/td>\n<\/tr>\n<tr>\n<td height=\"17\">Miller G.<\/td>\n<td>Moon\u00adli\u00adght serenade<\/td>\n<\/tr>\n<tr>\n<td height=\"17\">Mozart W.A.<\/td>\n<td>Andan\u00adte C&nbsp;dur pro fl\u00e9t\u00adnu a&nbsp;orchestr<\/td>\n<\/tr>\n<tr>\n<td height=\"17\">Mozart W.A.<\/td>\n<td>\u00c1rie Che\u00adru\u00adbi\u00adna z&nbsp;ope\u00adry Figa\u00adro\u00adva svatba<\/td>\n<\/tr>\n<tr>\n<td height=\"17\">Mozart W.A.<\/td>\n<td>Con\u00adcer\u00adto pro kla\u00adri\u00adnet a&nbsp;orchestr<\/td>\n<\/tr>\n<tr>\n<td height=\"17\">Mozart W.A.<\/td>\n<td>Diver\u00adti\u00admen\u00adto D&nbsp;dur<\/td>\n<\/tr>\n<tr>\n<td height=\"17\">Mozart W.A.<\/td>\n<td>Kon\u00adcert D&nbsp;dur pro hous\u00adle a&nbsp;orchestr<\/td>\n<\/tr>\n<tr>\n<td height=\"17\">Mozart W.A.<\/td>\n<td>Kon\u00adcert Es dur pro les\u00adn\u00ed roh a&nbsp;orchestr<\/td>\n<\/tr>\n<tr>\n<td height=\"17\">Mozart W.A.<\/td>\n<td>Mal\u00e1 no\u010d\u00adn\u00ed&nbsp;hudba<\/td>\n<\/tr>\n<tr>\n<td height=\"17\">Mozart W.A.<\/td>\n<td>p\u0159e\u00adde\u00adhra k&nbsp;ope\u00ad\u0159e Don Giovanni<\/td>\n<\/tr>\n<tr>\n<td height=\"17\">Mozart W.A.<\/td>\n<td>p\u0159e\u00adde\u00adhra k&nbsp;ope\u00ad\u0159e Figa\u00adro\u00adva svatba<\/td>\n<\/tr>\n<tr>\n<td height=\"17\">Mozart W.A.<\/td>\n<td>p\u0159e\u00adde\u00adhra k&nbsp;ope\u00ad\u0159e Kou\u00adzel\u00adn\u00e1 fl\u00e9tna<\/td>\n<\/tr>\n<tr>\n<td height=\"17\">Mozart W.A.<\/td>\n<td>Sin\u00adfo\u00adnie g&nbsp;Moll \u010d.40<\/td>\n<\/tr>\n<tr>\n<td height=\"17\">Musor\u00adgskij M.P.<\/td>\n<td>Noc na Lys\u00e9&nbsp;ho\u0159e<\/td>\n<\/tr>\n<tr>\n<td height=\"17\">Musor\u00adgsskij M.P.<\/td>\n<td>Obr\u00e1z\u00adky z&nbsp;v\u00fdstavy<\/td>\n<\/tr>\n<tr>\n<td height=\"17\">Mys\u00adli\u00adve\u00ad\u010dek&nbsp;J.<\/td>\n<td>Diver\u00adti\u00admen\u00adto in&nbsp;F<\/td>\n<\/tr>\n<tr>\n<td height=\"17\">Mys\u00adli\u00adve\u00ad\u010dek&nbsp;J.<\/td>\n<td>Kon\u00adcert D&nbsp;dur pro fl\u00e9t\u00adnu a&nbsp;orchestr<\/td>\n<\/tr>\n<tr>\n<td height=\"17\">Mys\u00adli\u00adve\u00ad\u010dek&nbsp;J.<\/td>\n<td>Menu\u00adet<\/td>\n<\/tr>\n<tr>\n<td height=\"17\">Mys\u00adli\u00adve\u00ad\u010dek&nbsp;J.<\/td>\n<td>Quin\u00adte\u00adto I., <span class=\"caps\">II<\/span>.,&nbsp;<span class=\"caps\">III<\/span>.<\/td>\n<\/tr>\n<tr>\n<td height=\"17\">Peze\u00adlius&nbsp;J.<\/td>\n<td>V\u011b\u017e\u00adn\u00ed&nbsp;hudba<\/td>\n<\/tr>\n<tr>\n<td height=\"17\">Pro\u00adko\u00adfjev&nbsp;S.<\/td>\n<td>Romeo a&nbsp;Julie 1&nbsp;a 2&nbsp;suita<\/td>\n<\/tr>\n<tr>\n<td height=\"17\">P\u0159i\u00adbyl&nbsp;P.<\/td>\n<td>P\u016fl fan\u00adf\u00e1r a&nbsp;p\u016fl hv\u011bzd<\/td>\n<\/tr>\n<tr>\n<td height=\"17\">Pur\u00adcell&nbsp;H.<\/td>\n<td>Son\u00e1\u00adta pro&nbsp;\u017eest\u011b<\/td>\n<\/tr>\n<tr>\n<td height=\"17\">Pur\u00adcell&nbsp;H.<\/td>\n<td>Trum\u00adpet Tune and air, Rondeau<\/td>\n<\/tr>\n<tr>\n<td height=\"17\">Rosi\u00adni&nbsp;G.<\/td>\n<td>p\u0159e\u00adde\u00adhra k&nbsp;ope\u00ad\u0159e Lazeb\u00adn\u00edk sevilsk\u00fd<\/td>\n<\/tr>\n<tr>\n<td height=\"17\">Rosi\u00adni&nbsp;G.<\/td>\n<td>p\u0159e\u00adde\u00adhra k&nbsp;ope\u00ad\u0159e Vil\u00e9m&nbsp;Tell<\/td>\n<\/tr>\n<tr>\n<td height=\"17\">Ryba J.J.<\/td>\n<td>\u010ces\u00adk\u00e1 m\u0161e v\u00e1no\u010dn\u00ed<\/td>\n<\/tr>\n<tr>\n<td height=\"17\">Ryba J.J.<\/td>\n<td>Hous\u00adle ,&nbsp;zn\u011bte<\/td>\n<\/tr>\n<tr>\n<td height=\"17\">Ryba J.J.<\/td>\n<td>Roz\u00admi\u00adl\u00fd slav\u00ed\u010dku<\/td>\n<\/tr>\n<tr>\n<td height=\"17\">Seger J.F.N.<\/td>\n<td>Toc\u00adca\u00adta a&nbsp;fuga<\/td>\n<\/tr>\n<tr>\n<td height=\"17\">Schu\u00adbert&nbsp;F.<\/td>\n<td>Ave Maria<\/td>\n<\/tr>\n<tr>\n<td height=\"17\">Schu\u00adbert&nbsp;F.<\/td>\n<td>Mil\u00e9 Che\u00adru\u00adbi\u00adni in&nbsp;coro<\/td>\n<\/tr>\n<tr>\n<td height=\"17\">Schu\u00adbert&nbsp;F.<\/td>\n<td>Sym\u00adfo\u00adnie \u010d.8 \u201eNedo\u00adkon\u00ad\u010de\u00adn\u00e1\u201c<\/td>\n<\/tr>\n<tr>\n<td height=\"17\">Schu\u00adbert&nbsp;F.<\/td>\n<td>Zasta\u00adve\u00adn\u00ed\u010d\u00adko pro hoboj a&nbsp;orchestr<\/td>\n<\/tr>\n<tr>\n<td height=\"17\">Sibe\u00adlius&nbsp;J.<\/td>\n<td>Fin\u00adlan\u00addia<\/td>\n<\/tr>\n<tr>\n<td height=\"17\">Sme\u00adta\u00adna&nbsp;B.<\/td>\n<td>\u00c1rie pan\u00ed R\u00f3zy z&nbsp;ope\u00adry Tajemstv\u00ed<\/td>\n<\/tr>\n<tr>\n<td height=\"17\">Sme\u00adta\u00adna&nbsp;B.<\/td>\n<td>Fan\u00adf\u00e1\u00adry z&nbsp;ope\u00adry Libu\u0161e<\/td>\n<\/tr>\n<tr>\n<td height=\"17\">Sme\u00adta\u00adna&nbsp;B.<\/td>\n<td>Fan\u00adf\u00e1\u00adry z&nbsp;ope\u00adry Richard <span class=\"caps\">III<\/span>.<\/td>\n<\/tr>\n<tr>\n<td height=\"17\">Sme\u00adta\u00adna&nbsp;B.<\/td>\n<td>Sko\u010d\u00adn\u00e1 z&nbsp;ope\u00adry Pro\u00adda\u00adn\u00e1 nev\u011bsta<\/td>\n<\/tr>\n<tr>\n<td height=\"17\">Sme\u00adta\u00adna&nbsp;B.<\/td>\n<td>sym\u00adfo\u00adnic\u00adk\u00e1 b\u00e1se\u0148 Vltava<\/td>\n<\/tr>\n<tr>\n<td height=\"17\">Sme\u00adta\u00adna&nbsp;B.<\/td>\n<td>sym\u00adfo\u00adnic\u00adk\u00e1 b\u00e1se\u0148 Vy\u0161ehrad<\/td>\n<\/tr>\n<tr>\n<td height=\"17\">Speer D.G.<\/td>\n<td>Hudeb\u00adn\u00ed \u010dty\u0159l\u00edstek<\/td>\n<\/tr>\n<tr>\n<td height=\"17\">Sta\u00admi\u00adtz K.P.<\/td>\n<td>Kon\u00adcert pro kla\u00adri\u00adnet Es&nbsp;dur<\/td>\n<\/tr>\n<tr>\n<td height=\"17\">Sta\u00admi\u00adtz K.P.<\/td>\n<td>Orchest\u00adr\u00e1l\u00adn\u00ed kvar\u00adtet F&nbsp;dur<\/td>\n<\/tr>\n<tr>\n<td height=\"17\">Stra\u00addel\u00adla&nbsp;A.<\/td>\n<td>Sona\u00adta pro trub\u00adku a&nbsp;smy\u010dce<\/td>\n<\/tr>\n<tr>\n<td height=\"17\">Strauss J.&nbsp;ml.<\/td>\n<td>p\u0159e\u00adde\u00adhra k&nbsp;ope\u00adre\u00adt\u011b Netop\u00fdr<\/td>\n<\/tr>\n<tr>\n<td height=\"17\">Strauss J.&nbsp;ml.<\/td>\n<td>C\u00edsa\u0159\u00adsk\u00fd val\u010d\u00edk<\/td>\n<\/tr>\n<tr>\n<td height=\"17\">Strauss J.&nbsp;ml.<\/td>\n<td>Na kr\u00e1s\u00adn\u00e9m mod\u00adr\u00e9m Dunaji<\/td>\n<\/tr>\n<tr>\n<td height=\"17\">Strauss J.&nbsp;ml.<\/td>\n<td>Pov\u00edd\u00adky z&nbsp;v\u00edde\u0148\u00adsk\u00e9\u00adho&nbsp;lesa<\/td>\n<\/tr>\n<tr>\n<td height=\"17\">Strauss J.&nbsp;ml.<\/td>\n<td>V\u00edde\u0148\u00adsk\u00e1&nbsp;krev<\/td>\n<\/tr>\n<tr>\n<td height=\"17\">Strauss J.&nbsp;ml.<\/td>\n<td>V\u00edno, \u017eeny&nbsp;zp\u011bv<\/td>\n<\/tr>\n<tr>\n<td height=\"17\">Strauss J.&nbsp;st.<\/td>\n<td>Radec\u00adky&nbsp;marsh<\/td>\n<\/tr>\n<tr>\n<td height=\"17\">Such\u00fd J., \u0160li\u00adtr&nbsp;J.<\/td>\n<td>Babet\u00adta<\/td>\n<\/tr>\n<tr>\n<td height=\"17\">Tar\u00adti\u00adni&nbsp;J.<\/td>\n<td>Sara\u00adban\u00adda<\/td>\n<\/tr>\n<tr>\n<td height=\"17\">Tele\u00admann G.P.<\/td>\n<td>Ouver\u00adtu\u00adre D&nbsp;dur pro 2&nbsp;trub\u00adky a&nbsp;orchestr<\/td>\n<\/tr>\n<tr>\n<td height=\"17\">Tro\u00adjan&nbsp;V.<\/td>\n<td>Con\u00adcer\u00adti\u00adno pro trub\u00adku a&nbsp;orchestr<\/td>\n<\/tr>\n<tr>\n<td height=\"17\">Tro\u00adjan&nbsp;V.<\/td>\n<td>Roz\u00admar\u00adn\u00e9 vari\u00ada\u00adce na t\u00e9ma \u201c Jar\u00adn\u00ed&nbsp;p\u00edsn\u011b\u201c<\/td>\n<\/tr>\n<tr>\n<td height=\"17\">Vej\u00adva\u00adnov\u00adsk\u00fd P.J.<\/td>\n<td>Sere\u00adn\u00e1\u00adda&nbsp;<span class=\"caps\">XXVII<\/span><\/td>\n<\/tr>\n<tr>\n<td height=\"17\">Vej\u00adva\u00adnov\u00adsk\u00fd P.J.<\/td>\n<td>Son\u00e1\u00adta \u00e1&nbsp;4<\/td>\n<\/tr>\n<tr>\n<td height=\"17\">Vej\u00adva\u00adnov\u00adsk\u00fd P.J.<\/td>\n<td>Sona\u00adta vesper\u00adti\u00adna \u00e1&nbsp;8<\/td>\n<\/tr>\n<tr>\n<td height=\"17\">Ver\u00addi&nbsp;G.<\/td>\n<td>\u00c1rie Azu\u00adce\u00adny z&nbsp;ope\u00adry \u201eTru\u00adba\u00addur\u201c<\/td>\n<\/tr>\n<tr>\n<td height=\"17\">Ver\u00addi&nbsp;G.<\/td>\n<td>p\u0159e\u00adde\u00adhra k&nbsp;ope\u00ad\u0159e Nabucco<\/td>\n<\/tr>\n<tr>\n<td height=\"17\">Ver\u00addi&nbsp;G.<\/td>\n<td>p\u0159e\u00adde\u00adhra k&nbsp;ope\u00ad\u0159e S\u00edla&nbsp;osudu<\/td>\n<\/tr>\n<tr>\n<td height=\"17\">Vil\u00adla \u2014 Lobos&nbsp;H.<\/td>\n<td>Sin\u00adfo\u00adnia \u010d.&nbsp;1<\/td>\n<\/tr>\n<tr>\n<td height=\"17\">Vival\u00addi&nbsp;A.<\/td>\n<td>Kon\u00adcert d&nbsp;Moll pro dva hobo\u00adje a&nbsp;orchestr<\/td>\n<\/tr>\n<tr>\n<td height=\"17\">Vival\u00addi&nbsp;A.<\/td>\n<td>Kon\u00adcert pro 2&nbsp;fl\u00e9tny<\/td>\n<\/tr>\n<tr>\n<td height=\"17\">Vival\u00addi&nbsp;A.<\/td>\n<td>Kon\u00adcert pro kyta\u00adru a&nbsp;orchestr D&nbsp;dur<\/td>\n<\/tr>\n<tr>\n<td height=\"17\">Vodi\u010d\u00adka&nbsp;V.<\/td>\n<td>Sin\u00adfo\u00adnia pro smy\u010dce<\/td>\n<\/tr>\n<tr>\n<td height=\"17\">Vo\u0159\u00ed\u00ad\u0161ek J.H.<\/td>\n<td>Sin\u00adfo\u00adnia D&nbsp;dur<\/td>\n<\/tr>\n<tr>\n<td height=\"17\">Wagen\u00adseil G.Ch.<\/td>\n<td>Kon\u00adcert Es dur pro pozoun a&nbsp;orchestr<\/td>\n<\/tr>\n<tr>\n<td height=\"17\">Weber K.M.v.<\/td>\n<td>Con\u00adcer\u00adti\u00adno Es dur pro kla\u00adri\u00adnet a&nbsp;orchestr<\/td>\n<\/tr>\n<tr>\n<td height=\"17\">Weismann<\/td>\n<td>Pas\u00adto\u00adre\u00adla pro dudy a&nbsp;orchestr<\/td>\n<\/tr>\n<tr>\n<td height=\"17\">Wil\u00adli\u00adams&nbsp;J.<\/td>\n<td>Sym\u00adfo\u00adnic\u00adk\u00fd pochod<\/td>\n<\/tr>\n<tr>\n<td height=\"17\">Zach J.<\/td>\n<td>Sin\u00adfo\u00adnie I., <span class=\"caps\">II<\/span>., <span class=\"caps\">III<\/span>., <span class=\"caps\">IV<\/span>.,&nbsp;V.<\/td>\n<\/tr>\n<\/tbody>\n<\/table>\n<p><!--:--><\/p>\n","protected":false},"excerpt":{"rendered":"<p>Skla\u00adda\u00adtel D\u00edlo Bach J.S. Air Bach J.S. Bra\u00adni\u00adbor\u00adsk\u00fd kon\u00adcert \u010d. 4&nbsp;G&nbsp;dur Bach J.S. Kon\u00adcert d&nbsp;Moll pro dvo\u00adje hous\u00adle Bach J.S. Orchest\u00adr\u00e1l\u00adn\u00ed sui\u00adta h&nbsp;Moll \u2014 ouver\u00adt\u00ad\u00fare Bach J.S. Sui\u00adta h \u2014 Moll pro fl\u00e9t\u00adnu a&nbsp;orchestr Barthol\u00addy F.M. Sin\u00adfo\u00adnia h&nbsp;Moll X. <a class=\"more-link\" href=\"https:\/\/jhso.cz\/?page_id=21\">Con\u00adti\u00adnue rea\u00adding <span class=\"meta-nav\">\u2192<\/span><\/a><\/p>\n","protected":false},"author":1,"featured_media":0,"parent":9,"menu_order":52,"comment_status":"closed","ping_status":"closed","template":"","meta":{"wp_typography_post_enhancements_disabled":false,"ngg_post_thumbnail":0,"footnotes":""},"tags":[],"_links":{"self":[{"href":"https:\/\/jhso.cz\/index.php?rest_route=\/wp\/v2\/pages\/21"}],"collection":[{"href":"https:\/\/jhso.cz\/index.php?rest_route=\/wp\/v2\/pages"}],"about":[{"href":"https:\/\/jhso.cz\/index.php?rest_route=\/wp\/v2\/types\/page"}],"author":[{"embeddable":true,"href":"https:\/\/jhso.cz\/index.php?rest_route=\/wp\/v2\/users\/1"}],"replies":[{"embeddable":true,"href":"https:\/\/jhso.cz\/index.php?rest_route=%2Fwp%2Fv2%2Fcomments&post=21"}],"version-history":[{"count":5,"href":"https:\/\/jhso.cz\/index.php?rest_route=\/wp\/v2\/pages\/21\/revisions"}],"predecessor-version":[{"id":2348,"href":"https:\/\/jhso.cz\/index.php?rest_route=\/wp\/v2\/pages\/21\/revisions\/2348"}],"up":[{"embeddable":true,"href":"https:\/\/jhso.cz\/index.php?rest_route=\/wp\/v2\/pages\/9"}],"wp:attachment":[{"href":"https:\/\/jhso.cz\/index.php?rest_route=%2Fwp%2Fv2%2Fmedia&parent=21"}],"wp:term":[{"taxonomy":"post_tag","embeddable":true,"href":"https:\/\/jhso.cz\/index.php?rest_route=%2Fwp%2Fv2%2Ftags&post=21"}],"curies":[{"name":"wp","href":"https:\/\/api.w.org\/{rel}","templated":true}]}}