{"id":2774,"date":"2015-11-02T21:59:32","date_gmt":"2015-11-02T20:59:32","guid":{"rendered":"http:\/\/jhso.cz\/?page_id=2774"},"modified":"2015-11-23T23:07:59","modified_gmt":"2015-11-23T22:07:59","slug":"adventni-koncert","status":"publish","type":"page","link":"https:\/\/jhso.cz\/?page_id=2774","title":{"rendered":"Adventn\u00ed koncert"},"content":{"rendered":"","protected":false},"excerpt":{"rendered":"<p>6. 12. 2015 od 17:00 a&nbsp;19:30<br>\nAdvent\u00adn\u00ed koncert<br>\nkap\u00adle sv. Ma\u0159\u00ed Magdal\u00e9ny,<br>\nJin\u00add\u0159i\u00adch\u016fv Hra\u00addec <a class=\"more-link\" href=\"https:\/\/jhso.cz\/?page_id=2774\">Con\u00adti\u00adnue rea\u00adding <span class=\"meta-nav\">\u2192<\/span><\/a><\/p>\n","protected":false},"author":1,"featured_media":2781,"parent":1466,"menu_order":17,"comment_status":"closed","ping_status":"closed","template":"archiv-template.php","meta":{"wp_typography_post_enhancements_disabled":false,"ngg_post_thumbnail":0,"footnotes":""},"tags":[],"_links":{"self":[{"href":"https:\/\/jhso.cz\/index.php?rest_route=\/wp\/v2\/pages\/2774"}],"collection":[{"href":"https:\/\/jhso.cz\/index.php?rest_route=\/wp\/v2\/pages"}],"about":[{"href":"https:\/\/jhso.cz\/index.php?rest_route=\/wp\/v2\/types\/page"}],"author":[{"embeddable":true,"href":"https:\/\/jhso.cz\/index.php?rest_route=\/wp\/v2\/users\/1"}],"replies":[{"embeddable":true,"href":"https:\/\/jhso.cz\/index.php?rest_route=%2Fwp%2Fv2%2Fcomments&post=2774"}],"version-history":[{"count":2,"href":"https:\/\/jhso.cz\/index.php?rest_route=\/wp\/v2\/pages\/2774\/revisions"}],"predecessor-version":[{"id":2783,"href":"https:\/\/jhso.cz\/index.php?rest_route=\/wp\/v2\/pages\/2774\/revisions\/2783"}],"up":[{"embeddable":true,"href":"https:\/\/jhso.cz\/index.php?rest_route=\/wp\/v2\/pages\/1466"}],"wp:featuredmedia":[{"embeddable":true,"href":"https:\/\/jhso.cz\/index.php?rest_route=\/wp\/v2\/media\/2781"}],"wp:attachment":[{"href":"https:\/\/jhso.cz\/index.php?rest_route=%2Fwp%2Fv2%2Fmedia&parent=2774"}],"wp:term":[{"taxonomy":"post_tag","embeddable":true,"href":"https:\/\/jhso.cz\/index.php?rest_route=%2Fwp%2Fv2%2Ftags&post=2774"}],"curies":[{"name":"wp","href":"https:\/\/api.w.org\/{rel}","templated":true}]}}