{"id":3098,"date":"2016-10-24T22:07:25","date_gmt":"2016-10-24T20:07:25","guid":{"rendered":"http:\/\/jhso.cz\/?page_id=3098"},"modified":"2016-10-24T22:31:33","modified_gmt":"2016-10-24T20:31:33","slug":"requiem-j-hradec","status":"publish","type":"page","link":"https:\/\/jhso.cz\/?page_id=3098","title":{"rendered":"Requiem J. Hradec"},"content":{"rendered":"","protected":false},"excerpt":{"rendered":"<p>29. \u0159\u00edj\u00adna Mozar\u00adto\u00advo Requi\u00adem Hlu\u00adbo\u00adk\u00e1 nad Vltavou<br>\nkos\u00adtel sv. Jana Nepo\u00admuc\u00adk\u00e9\u00adho, vstup\u00adn\u00e9&nbsp;150K\u010d,<br>\np\u0159ed\u00adpro\u00addej <span class=\"caps\">KC<\/span> Panorama<\/p>\n<p>30. \u0159\u00edj\u00adna Mozar\u00adto\u00advo Requi\u00adem Jin\u00add\u0159i\u00adch\u016fv Hra\u00addec Bene\u00adfi\u010d\u00adn\u00ed kon\u00adcert pro Ote\u00adv\u0159e\u00adn\u00e1&nbsp;<span class=\"caps\">OKNA<\/span><br>\nkos\u00adtel sv. Jana K\u0159ti\u00adte\u00adle, vstup\u00adn\u00e9 100K\u010d na&nbsp;m\u00edst\u011b<br>\n <a class=\"more-link\" href=\"https:\/\/jhso.cz\/?page_id=3098\">Con\u00adti\u00adnue rea\u00adding <span class=\"meta-nav\">\u2192<\/span><\/a><\/p>\n","protected":false},"author":3,"featured_media":3101,"parent":2784,"menu_order":18,"comment_status":"closed","ping_status":"closed","template":"archiv-template.php","meta":{"wp_typography_post_enhancements_disabled":false,"ngg_post_thumbnail":0,"footnotes":""},"tags":[],"_links":{"self":[{"href":"https:\/\/jhso.cz\/index.php?rest_route=\/wp\/v2\/pages\/3098"}],"collection":[{"href":"https:\/\/jhso.cz\/index.php?rest_route=\/wp\/v2\/pages"}],"about":[{"href":"https:\/\/jhso.cz\/index.php?rest_route=\/wp\/v2\/types\/page"}],"author":[{"embeddable":true,"href":"https:\/\/jhso.cz\/index.php?rest_route=\/wp\/v2\/users\/3"}],"replies":[{"embeddable":true,"href":"https:\/\/jhso.cz\/index.php?rest_route=%2Fwp%2Fv2%2Fcomments&post=3098"}],"version-history":[{"count":2,"href":"https:\/\/jhso.cz\/index.php?rest_route=\/wp\/v2\/pages\/3098\/revisions"}],"predecessor-version":[{"id":3106,"href":"https:\/\/jhso.cz\/index.php?rest_route=\/wp\/v2\/pages\/3098\/revisions\/3106"}],"up":[{"embeddable":true,"href":"https:\/\/jhso.cz\/index.php?rest_route=\/wp\/v2\/pages\/2784"}],"wp:featuredmedia":[{"embeddable":true,"href":"https:\/\/jhso.cz\/index.php?rest_route=\/wp\/v2\/media\/3101"}],"wp:attachment":[{"href":"https:\/\/jhso.cz\/index.php?rest_route=%2Fwp%2Fv2%2Fmedia&parent=3098"}],"wp:term":[{"taxonomy":"post_tag","embeddable":true,"href":"https:\/\/jhso.cz\/index.php?rest_route=%2Fwp%2Fv2%2Ftags&post=3098"}],"curies":[{"name":"wp","href":"https:\/\/api.w.org\/{rel}","templated":true}]}}