{"id":4512,"date":"2019-01-04T23:23:06","date_gmt":"2019-01-04T22:23:06","guid":{"rendered":"http:\/\/jhso.cz\/?page_id=4512"},"modified":"2019-03-27T21:18:19","modified_gmt":"2019-03-27T20:18:19","slug":"jarni-koncert","status":"publish","type":"page","link":"https:\/\/jhso.cz\/?page_id=4512","title":{"rendered":"Jarn\u00ed koncert"},"content":{"rendered":"","protected":false},"excerpt":{"rendered":"<p>14. 4. 2019 19:00<br>\n<span class=\"caps\">SHZ<\/span> Jin\u00add\u0159i\u00adch\u016fv Hradec<\/p>\n<p>diri\u00adgent: Jakub&nbsp;Pikla<\/p>\n<p>cim\u00adb\u00e1l: Bar\u00adbo\u00adra Jago\u0161ov\u00e1<br>\nhoboj: Jaro\u00adsla\u00adva Tajanovsk\u00e1<\/p>\n<p> program:<br>\nLeo\u0161 Jan\u00e1\u00ad\u010dek \u2014 Idy\u00adla 1. v\u011bta Andante<br>\nDali\u00adbor \u0160trunc \u2014 Hla\u00adsy mod\u00adr\u00fdch stro\u00adm\u016f \u2014 Kon\u00adcert pro cim\u00adb\u00e1l, hoboj a&nbsp;smy\u010d\u00adco\u00adv\u00fd orchestr<br>\nPeter War\u00adlock \u2014 Capri\u00adol&nbsp;suita<br>\nDali\u00adbor \u0160trunc \u2014 Malo\u00adva\u00adn\u00e9 na cimb\u00e1l<\/p>\n<p>vstup\u00adn\u00e9 120,-K\u010d<br>\nd\u011bti do 15 let zdarma<br>\np\u0159ed\u00adpro\u00addej vstupenek<br>\nod 1. dub\u00adna 2019 v&nbsp;pro\u00addej\u00adn\u011b Bylin\u00adky Zuza\u00adna Ko\u0159\u00edn\u00adko\u00adv\u00e1, N\u00e1m. M\u00edru 84, Jin\u00add\u0159. Hradec<\/p>\n<p> <a class=\"more-link\" href=\"https:\/\/jhso.cz\/?page_id=4512\">Con\u00adti\u00adnue rea\u00adding <span class=\"meta-nav\">\u2192<\/span><\/a><\/p>\n","protected":false},"author":3,"featured_media":4534,"parent":4511,"menu_order":12,"comment_status":"closed","ping_status":"closed","template":"archiv-template.php","meta":{"wp_typography_post_enhancements_disabled":false,"ngg_post_thumbnail":0,"footnotes":""},"tags":[],"_links":{"self":[{"href":"https:\/\/jhso.cz\/index.php?rest_route=\/wp\/v2\/pages\/4512"}],"collection":[{"href":"https:\/\/jhso.cz\/index.php?rest_route=\/wp\/v2\/pages"}],"about":[{"href":"https:\/\/jhso.cz\/index.php?rest_route=\/wp\/v2\/types\/page"}],"author":[{"embeddable":true,"href":"https:\/\/jhso.cz\/index.php?rest_route=\/wp\/v2\/users\/3"}],"replies":[{"embeddable":true,"href":"https:\/\/jhso.cz\/index.php?rest_route=%2Fwp%2Fv2%2Fcomments&post=4512"}],"version-history":[{"count":5,"href":"https:\/\/jhso.cz\/index.php?rest_route=\/wp\/v2\/pages\/4512\/revisions"}],"predecessor-version":[{"id":4527,"href":"https:\/\/jhso.cz\/index.php?rest_route=\/wp\/v2\/pages\/4512\/revisions\/4527"}],"up":[{"embeddable":true,"href":"https:\/\/jhso.cz\/index.php?rest_route=\/wp\/v2\/pages\/4511"}],"wp:featuredmedia":[{"embeddable":true,"href":"https:\/\/jhso.cz\/index.php?rest_route=\/wp\/v2\/media\/4534"}],"wp:attachment":[{"href":"https:\/\/jhso.cz\/index.php?rest_route=%2Fwp%2Fv2%2Fmedia&parent=4512"}],"wp:term":[{"taxonomy":"post_tag","embeddable":true,"href":"https:\/\/jhso.cz\/index.php?rest_route=%2Fwp%2Fv2%2Ftags&post=4512"}],"curies":[{"name":"wp","href":"https:\/\/api.w.org\/{rel}","templated":true}]}}