{"id":5014,"date":"2019-11-06T22:29:34","date_gmt":"2019-11-06T21:29:34","guid":{"rendered":"http:\/\/jhso.cz\/?page_id=5014"},"modified":"2019-11-06T22:36:11","modified_gmt":"2019-11-06T21:36:11","slug":"oceneni-vyzn-obcanu-mesta-jh","status":"publish","type":"page","link":"https:\/\/jhso.cz\/?page_id=5014","title":{"rendered":"Ocen\u011bn\u00ed v\u00fdzn. ob\u010dan\u016f m\u011bsta&nbsp;<span class=\"caps\">JH<\/span>"},"content":{"rendered":"<!-- default-view.php -->\n<div class=\"ngg-galleryoverview default-view \n\t ngg-ajax-pagination-none\t\" id=\"ngg-gallery-508d98a6a4e1e08e267320308f3247fe-1\">\n\n\t\t<!-- Thumbnails -->\n\t\t\t\t<div id=\"ngg-image-0\" class=\"ngg-gallery-thumbnail-box \n\t\t\t\t\t\t\t\t\t\t\t\">\n\t\t\t\t\t\t<div class=\"ngg-gallery-thumbnail\">\n\t\t\t<a href=\"https:\/\/jhso.cz\/wp-content\/gallery\/2019-oceneni-vyzn-obcanu-mesta-jh\/IMR_5797.jpg\" title data-src=\"https:\/\/jhso.cz\/wp-content\/gallery\/2019-oceneni-vyzn-obcanu-mesta-jh\/IMR_5797.jpg\" data-thumbnail=\"https:\/\/jhso.cz\/wp-content\/gallery\/2019-oceneni-vyzn-obcanu-mesta-jh\/thumbs\/thumbs_IMR_5797.jpg\" data-image-id=\"2777\" data-title=\"IMR_5797\" data-description data-image-slug=\"imr_5797\" class=\"shutterset_508d98a6a4e1e08e267320308f3247fe\">\n\t\t\t\t<img title=\"IMR_5797\" alt=\"IMR_5797\" src=\"https:\/\/jhso.cz\/wp-content\/gallery\/2019-oceneni-vyzn-obcanu-mesta-jh\/thumbs\/thumbs_IMR_5797.jpg\" width=\"150\" height=\"150\" style=\"max-width:100%;\">\n\t\t\t<\/a>\n\t\t<\/div>\n\t\t\t\t\t\t\t<\/div> \n\t\t\t\n\t\t\t\t<div id=\"ngg-image-1\" class=\"ngg-gallery-thumbnail-box \n\t\t\t\t\t\t\t\t\t\t\t\">\n\t\t\t\t\t\t<div class=\"ngg-gallery-thumbnail\">\n\t\t\t<a href=\"https:\/\/jhso.cz\/wp-content\/gallery\/2019-oceneni-vyzn-obcanu-mesta-jh\/IMR_5817.jpg\" title data-src=\"https:\/\/jhso.cz\/wp-content\/gallery\/2019-oceneni-vyzn-obcanu-mesta-jh\/IMR_5817.jpg\" data-thumbnail=\"https:\/\/jhso.cz\/wp-content\/gallery\/2019-oceneni-vyzn-obcanu-mesta-jh\/thumbs\/thumbs_IMR_5817.jpg\" data-image-id=\"2780\" data-title=\"IMR_5817\" data-description data-image-slug=\"imr_5817\" class=\"shutterset_508d98a6a4e1e08e267320308f3247fe\">\n\t\t\t\t<img title=\"IMR_5817\" alt=\"IMR_5817\" src=\"https:\/\/jhso.cz\/wp-content\/gallery\/2019-oceneni-vyzn-obcanu-mesta-jh\/thumbs\/thumbs_IMR_5817.jpg\" width=\"150\" height=\"150\" style=\"max-width:100%;\">\n\t\t\t<\/a>\n\t\t<\/div>\n\t\t\t\t\t\t\t<\/div> \n\t\t\t\n\t\t\t\t<div id=\"ngg-image-2\" class=\"ngg-gallery-thumbnail-box \n\t\t\t\t\t\t\t\t\t\t\t\">\n\t\t\t\t\t\t<div class=\"ngg-gallery-thumbnail\">\n\t\t\t<a href=\"https:\/\/jhso.cz\/wp-content\/gallery\/2019-oceneni-vyzn-obcanu-mesta-jh\/IMR_5821.jpg\" title data-src=\"https:\/\/jhso.cz\/wp-content\/gallery\/2019-oceneni-vyzn-obcanu-mesta-jh\/IMR_5821.jpg\" data-thumbnail=\"https:\/\/jhso.cz\/wp-content\/gallery\/2019-oceneni-vyzn-obcanu-mesta-jh\/thumbs\/thumbs_IMR_5821.jpg\" data-image-id=\"2781\" data-title=\"IMR_5821\" data-description data-image-slug=\"imr_5821\" class=\"shutterset_508d98a6a4e1e08e267320308f3247fe\">\n\t\t\t\t<img title=\"IMR_5821\" alt=\"IMR_5821\" src=\"https:\/\/jhso.cz\/wp-content\/gallery\/2019-oceneni-vyzn-obcanu-mesta-jh\/thumbs\/thumbs_IMR_5821.jpg\" width=\"150\" height=\"150\" style=\"max-width:100%;\">\n\t\t\t<\/a>\n\t\t<\/div>\n\t\t\t\t\t\t\t<\/div> \n\t\t\t\n\t\t\t\t<div id=\"ngg-image-3\" class=\"ngg-gallery-thumbnail-box \n\t\t\t\t\t\t\t\t\t\t\t\">\n\t\t\t\t\t\t<div class=\"ngg-gallery-thumbnail\">\n\t\t\t<a href=\"https:\/\/jhso.cz\/wp-content\/gallery\/2019-oceneni-vyzn-obcanu-mesta-jh\/IMR_5828.jpg\" title data-src=\"https:\/\/jhso.cz\/wp-content\/gallery\/2019-oceneni-vyzn-obcanu-mesta-jh\/IMR_5828.jpg\" data-thumbnail=\"https:\/\/jhso.cz\/wp-content\/gallery\/2019-oceneni-vyzn-obcanu-mesta-jh\/thumbs\/thumbs_IMR_5828.jpg\" data-image-id=\"2782\" data-title=\"IMR_5828\" data-description data-image-slug=\"imr_5828\" class=\"shutterset_508d98a6a4e1e08e267320308f3247fe\">\n\t\t\t\t<img title=\"IMR_5828\" alt=\"IMR_5828\" src=\"https:\/\/jhso.cz\/wp-content\/gallery\/2019-oceneni-vyzn-obcanu-mesta-jh\/thumbs\/thumbs_IMR_5828.jpg\" width=\"150\" height=\"150\" style=\"max-width:100%;\">\n\t\t\t<\/a>\n\t\t<\/div>\n\t\t\t\t\t\t\t<\/div> \n\t\t\t\n\t\t\t\t<div id=\"ngg-image-4\" class=\"ngg-gallery-thumbnail-box \n\t\t\t\t\t\t\t\t\t\t\t\">\n\t\t\t\t\t\t<div class=\"ngg-gallery-thumbnail\">\n\t\t\t<a href=\"https:\/\/jhso.cz\/wp-content\/gallery\/2019-oceneni-vyzn-obcanu-mesta-jh\/IMR_5829.jpg\" title data-src=\"https:\/\/jhso.cz\/wp-content\/gallery\/2019-oceneni-vyzn-obcanu-mesta-jh\/IMR_5829.jpg\" data-thumbnail=\"https:\/\/jhso.cz\/wp-content\/gallery\/2019-oceneni-vyzn-obcanu-mesta-jh\/thumbs\/thumbs_IMR_5829.jpg\" data-image-id=\"2783\" data-title=\"IMR_5829\" data-description data-image-slug=\"imr_5829\" class=\"shutterset_508d98a6a4e1e08e267320308f3247fe\">\n\t\t\t\t<img title=\"IMR_5829\" alt=\"IMR_5829\" src=\"https:\/\/jhso.cz\/wp-content\/gallery\/2019-oceneni-vyzn-obcanu-mesta-jh\/thumbs\/thumbs_IMR_5829.jpg\" width=\"150\" height=\"150\" style=\"max-width:100%;\">\n\t\t\t<\/a>\n\t\t<\/div>\n\t\t\t\t\t\t\t<\/div> \n\t\t\t\n\t\t\t\t<div id=\"ngg-image-5\" class=\"ngg-gallery-thumbnail-box \n\t\t\t\t\t\t\t\t\t\t\t\">\n\t\t\t\t\t\t<div class=\"ngg-gallery-thumbnail\">\n\t\t\t<a href=\"https:\/\/jhso.cz\/wp-content\/gallery\/2019-oceneni-vyzn-obcanu-mesta-jh\/IMR_5834.jpg\" title data-src=\"https:\/\/jhso.cz\/wp-content\/gallery\/2019-oceneni-vyzn-obcanu-mesta-jh\/IMR_5834.jpg\" data-thumbnail=\"https:\/\/jhso.cz\/wp-content\/gallery\/2019-oceneni-vyzn-obcanu-mesta-jh\/thumbs\/thumbs_IMR_5834.jpg\" data-image-id=\"2784\" data-title=\"IMR_5834\" data-description data-image-slug=\"imr_5834\" class=\"shutterset_508d98a6a4e1e08e267320308f3247fe\">\n\t\t\t\t<img title=\"IMR_5834\" alt=\"IMR_5834\" src=\"https:\/\/jhso.cz\/wp-content\/gallery\/2019-oceneni-vyzn-obcanu-mesta-jh\/thumbs\/thumbs_IMR_5834.jpg\" width=\"150\" height=\"150\" style=\"max-width:100%;\">\n\t\t\t<\/a>\n\t\t<\/div>\n\t\t\t\t\t\t\t<\/div> \n\t\t\t\n\t\t\t\t<div id=\"ngg-image-6\" class=\"ngg-gallery-thumbnail-box \n\t\t\t\t\t\t\t\t\t\t\t\">\n\t\t\t\t\t\t<div class=\"ngg-gallery-thumbnail\">\n\t\t\t<a href=\"https:\/\/jhso.cz\/wp-content\/gallery\/2019-oceneni-vyzn-obcanu-mesta-jh\/IMR_5890.jpg\" title data-src=\"https:\/\/jhso.cz\/wp-content\/gallery\/2019-oceneni-vyzn-obcanu-mesta-jh\/IMR_5890.jpg\" data-thumbnail=\"https:\/\/jhso.cz\/wp-content\/gallery\/2019-oceneni-vyzn-obcanu-mesta-jh\/thumbs\/thumbs_IMR_5890.jpg\" data-image-id=\"2787\" data-title=\"IMR_5890\" data-description data-image-slug=\"imr_5890\" class=\"shutterset_508d98a6a4e1e08e267320308f3247fe\">\n\t\t\t\t<img title=\"IMR_5890\" alt=\"IMR_5890\" src=\"https:\/\/jhso.cz\/wp-content\/gallery\/2019-oceneni-vyzn-obcanu-mesta-jh\/thumbs\/thumbs_IMR_5890.jpg\" width=\"150\" height=\"150\" style=\"max-width:100%;\">\n\t\t\t<\/a>\n\t\t<\/div>\n\t\t\t\t\t\t\t<\/div> \n\t\t\t\n\t\t\t\t<div id=\"ngg-image-7\" class=\"ngg-gallery-thumbnail-box \n\t\t\t\t\t\t\t\t\t\t\t\">\n\t\t\t\t\t\t<div class=\"ngg-gallery-thumbnail\">\n\t\t\t<a href=\"https:\/\/jhso.cz\/wp-content\/gallery\/2019-oceneni-vyzn-obcanu-mesta-jh\/IMR_5902.jpg\" title data-src=\"https:\/\/jhso.cz\/wp-content\/gallery\/2019-oceneni-vyzn-obcanu-mesta-jh\/IMR_5902.jpg\" data-thumbnail=\"https:\/\/jhso.cz\/wp-content\/gallery\/2019-oceneni-vyzn-obcanu-mesta-jh\/thumbs\/thumbs_IMR_5902.jpg\" data-image-id=\"2788\" data-title=\"IMR_5902\" data-description data-image-slug=\"imr_5902\" class=\"shutterset_508d98a6a4e1e08e267320308f3247fe\">\n\t\t\t\t<img title=\"IMR_5902\" alt=\"IMR_5902\" src=\"https:\/\/jhso.cz\/wp-content\/gallery\/2019-oceneni-vyzn-obcanu-mesta-jh\/thumbs\/thumbs_IMR_5902.jpg\" width=\"150\" height=\"150\" style=\"max-width:100%;\">\n\t\t\t<\/a>\n\t\t<\/div>\n\t\t\t\t\t\t\t<\/div> \n\t\t\t\n\t\t\t\t<div id=\"ngg-image-8\" class=\"ngg-gallery-thumbnail-box \n\t\t\t\t\t\t\t\t\t\t\t\">\n\t\t\t\t\t\t<div class=\"ngg-gallery-thumbnail\">\n\t\t\t<a href=\"https:\/\/jhso.cz\/wp-content\/gallery\/2019-oceneni-vyzn-obcanu-mesta-jh\/IMR_5906.jpg\" title data-src=\"https:\/\/jhso.cz\/wp-content\/gallery\/2019-oceneni-vyzn-obcanu-mesta-jh\/IMR_5906.jpg\" data-thumbnail=\"https:\/\/jhso.cz\/wp-content\/gallery\/2019-oceneni-vyzn-obcanu-mesta-jh\/thumbs\/thumbs_IMR_5906.jpg\" data-image-id=\"2790\" data-title=\"IMR_5906\" data-description data-image-slug=\"imr_5906\" class=\"shutterset_508d98a6a4e1e08e267320308f3247fe\">\n\t\t\t\t<img title=\"IMR_5906\" alt=\"IMR_5906\" src=\"https:\/\/jhso.cz\/wp-content\/gallery\/2019-oceneni-vyzn-obcanu-mesta-jh\/thumbs\/thumbs_IMR_5906.jpg\" width=\"150\" height=\"150\" style=\"max-width:100%;\">\n\t\t\t<\/a>\n\t\t<\/div>\n\t\t\t\t\t\t\t<\/div> \n\t\t\t\n\t\t\t\t<div id=\"ngg-image-9\" class=\"ngg-gallery-thumbnail-box \n\t\t\t\t\t\t\t\t\t\t\t\">\n\t\t\t\t\t\t<div class=\"ngg-gallery-thumbnail\">\n\t\t\t<a href=\"https:\/\/jhso.cz\/wp-content\/gallery\/2019-oceneni-vyzn-obcanu-mesta-jh\/IMR_5908.jpg\" title data-src=\"https:\/\/jhso.cz\/wp-content\/gallery\/2019-oceneni-vyzn-obcanu-mesta-jh\/IMR_5908.jpg\" data-thumbnail=\"https:\/\/jhso.cz\/wp-content\/gallery\/2019-oceneni-vyzn-obcanu-mesta-jh\/thumbs\/thumbs_IMR_5908.jpg\" data-image-id=\"2791\" data-title=\"IMR_5908\" data-description data-image-slug=\"imr_5908\" class=\"shutterset_508d98a6a4e1e08e267320308f3247fe\">\n\t\t\t\t<img title=\"IMR_5908\" alt=\"IMR_5908\" src=\"https:\/\/jhso.cz\/wp-content\/gallery\/2019-oceneni-vyzn-obcanu-mesta-jh\/thumbs\/thumbs_IMR_5908.jpg\" width=\"150\" height=\"150\" style=\"max-width:100%;\">\n\t\t\t<\/a>\n\t\t<\/div>\n\t\t\t\t\t\t\t<\/div> \n\t\t\t\n\t\t\t\t<div id=\"ngg-image-10\" class=\"ngg-gallery-thumbnail-box \n\t\t\t\t\t\t\t\t\t\t\t\">\n\t\t\t\t\t\t<div class=\"ngg-gallery-thumbnail\">\n\t\t\t<a href=\"https:\/\/jhso.cz\/wp-content\/gallery\/2019-oceneni-vyzn-obcanu-mesta-jh\/IMR_5913.jpg\" title data-src=\"https:\/\/jhso.cz\/wp-content\/gallery\/2019-oceneni-vyzn-obcanu-mesta-jh\/IMR_5913.jpg\" data-thumbnail=\"https:\/\/jhso.cz\/wp-content\/gallery\/2019-oceneni-vyzn-obcanu-mesta-jh\/thumbs\/thumbs_IMR_5913.jpg\" data-image-id=\"2793\" data-title=\"IMR_5913\" data-description data-image-slug=\"imr_5913\" class=\"shutterset_508d98a6a4e1e08e267320308f3247fe\">\n\t\t\t\t<img title=\"IMR_5913\" alt=\"IMR_5913\" src=\"https:\/\/jhso.cz\/wp-content\/gallery\/2019-oceneni-vyzn-obcanu-mesta-jh\/thumbs\/thumbs_IMR_5913.jpg\" width=\"150\" height=\"150\" style=\"max-width:100%;\">\n\t\t\t<\/a>\n\t\t<\/div>\n\t\t\t\t\t\t\t<\/div> \n\t\t\t\n\t\t\t\t<div id=\"ngg-image-11\" class=\"ngg-gallery-thumbnail-box \n\t\t\t\t\t\t\t\t\t\t\t\">\n\t\t\t\t\t\t<div class=\"ngg-gallery-thumbnail\">\n\t\t\t<a href=\"https:\/\/jhso.cz\/wp-content\/gallery\/2019-oceneni-vyzn-obcanu-mesta-jh\/IMR_5917.jpg\" title data-src=\"https:\/\/jhso.cz\/wp-content\/gallery\/2019-oceneni-vyzn-obcanu-mesta-jh\/IMR_5917.jpg\" data-thumbnail=\"https:\/\/jhso.cz\/wp-content\/gallery\/2019-oceneni-vyzn-obcanu-mesta-jh\/thumbs\/thumbs_IMR_5917.jpg\" data-image-id=\"2794\" data-title=\"IMR_5917\" data-description data-image-slug=\"imr_5917\" class=\"shutterset_508d98a6a4e1e08e267320308f3247fe\">\n\t\t\t\t<img title=\"IMR_5917\" alt=\"IMR_5917\" src=\"https:\/\/jhso.cz\/wp-content\/gallery\/2019-oceneni-vyzn-obcanu-mesta-jh\/thumbs\/thumbs_IMR_5917.jpg\" width=\"150\" height=\"150\" style=\"max-width:100%;\">\n\t\t\t<\/a>\n\t\t<\/div>\n\t\t\t\t\t\t\t<\/div> \n\t\t\t\n\t\t\t\t<div id=\"ngg-image-12\" class=\"ngg-gallery-thumbnail-box \n\t\t\t\t\t\t\t\t\t\t\t\">\n\t\t\t\t\t\t<div class=\"ngg-gallery-thumbnail\">\n\t\t\t<a href=\"https:\/\/jhso.cz\/wp-content\/gallery\/2019-oceneni-vyzn-obcanu-mesta-jh\/IMR_5919.jpg\" title data-src=\"https:\/\/jhso.cz\/wp-content\/gallery\/2019-oceneni-vyzn-obcanu-mesta-jh\/IMR_5919.jpg\" data-thumbnail=\"https:\/\/jhso.cz\/wp-content\/gallery\/2019-oceneni-vyzn-obcanu-mesta-jh\/thumbs\/thumbs_IMR_5919.jpg\" data-image-id=\"2795\" data-title=\"IMR_5919\" data-description data-image-slug=\"imr_5919\" class=\"shutterset_508d98a6a4e1e08e267320308f3247fe\">\n\t\t\t\t<img title=\"IMR_5919\" alt=\"IMR_5919\" src=\"https:\/\/jhso.cz\/wp-content\/gallery\/2019-oceneni-vyzn-obcanu-mesta-jh\/thumbs\/thumbs_IMR_5919.jpg\" width=\"150\" height=\"150\" style=\"max-width:100%;\">\n\t\t\t<\/a>\n\t\t<\/div>\n\t\t\t\t\t\t\t<\/div> \n\t\t\t\n\t\t\t\t<div id=\"ngg-image-13\" class=\"ngg-gallery-thumbnail-box \n\t\t\t\t\t\t\t\t\t\t\t\">\n\t\t\t\t\t\t<div class=\"ngg-gallery-thumbnail\">\n\t\t\t<a href=\"https:\/\/jhso.cz\/wp-content\/gallery\/2019-oceneni-vyzn-obcanu-mesta-jh\/IMR_5925.jpg\" title data-src=\"https:\/\/jhso.cz\/wp-content\/gallery\/2019-oceneni-vyzn-obcanu-mesta-jh\/IMR_5925.jpg\" data-thumbnail=\"https:\/\/jhso.cz\/wp-content\/gallery\/2019-oceneni-vyzn-obcanu-mesta-jh\/thumbs\/thumbs_IMR_5925.jpg\" data-image-id=\"2796\" data-title=\"IMR_5925\" data-description data-image-slug=\"imr_5925\" class=\"shutterset_508d98a6a4e1e08e267320308f3247fe\">\n\t\t\t\t<img title=\"IMR_5925\" alt=\"IMR_5925\" src=\"https:\/\/jhso.cz\/wp-content\/gallery\/2019-oceneni-vyzn-obcanu-mesta-jh\/thumbs\/thumbs_IMR_5925.jpg\" width=\"150\" height=\"150\" style=\"max-width:100%;\">\n\t\t\t<\/a>\n\t\t<\/div>\n\t\t\t\t\t\t\t<\/div> \n\t\t\t\n\t\t\t\t<div id=\"ngg-image-14\" class=\"ngg-gallery-thumbnail-box \n\t\t\t\t\t\t\t\t\t\t\t\">\n\t\t\t\t\t\t<div class=\"ngg-gallery-thumbnail\">\n\t\t\t<a href=\"https:\/\/jhso.cz\/wp-content\/gallery\/2019-oceneni-vyzn-obcanu-mesta-jh\/IMR_5928.jpg\" title data-src=\"https:\/\/jhso.cz\/wp-content\/gallery\/2019-oceneni-vyzn-obcanu-mesta-jh\/IMR_5928.jpg\" data-thumbnail=\"https:\/\/jhso.cz\/wp-content\/gallery\/2019-oceneni-vyzn-obcanu-mesta-jh\/thumbs\/thumbs_IMR_5928.jpg\" data-image-id=\"2797\" data-title=\"IMR_5928\" data-description data-image-slug=\"imr_5928\" class=\"shutterset_508d98a6a4e1e08e267320308f3247fe\">\n\t\t\t\t<img title=\"IMR_5928\" alt=\"IMR_5928\" src=\"https:\/\/jhso.cz\/wp-content\/gallery\/2019-oceneni-vyzn-obcanu-mesta-jh\/thumbs\/thumbs_IMR_5928.jpg\" width=\"150\" height=\"150\" style=\"max-width:100%;\">\n\t\t\t<\/a>\n\t\t<\/div>\n\t\t\t\t\t\t\t<\/div> \n\t\t\t\n\t\t\t\t<div id=\"ngg-image-15\" class=\"ngg-gallery-thumbnail-box \n\t\t\t\t\t\t\t\t\t\t\t\">\n\t\t\t\t\t\t<div class=\"ngg-gallery-thumbnail\">\n\t\t\t<a href=\"https:\/\/jhso.cz\/wp-content\/gallery\/2019-oceneni-vyzn-obcanu-mesta-jh\/IMR_5932.jpg\" title data-src=\"https:\/\/jhso.cz\/wp-content\/gallery\/2019-oceneni-vyzn-obcanu-mesta-jh\/IMR_5932.jpg\" data-thumbnail=\"https:\/\/jhso.cz\/wp-content\/gallery\/2019-oceneni-vyzn-obcanu-mesta-jh\/thumbs\/thumbs_IMR_5932.jpg\" data-image-id=\"2799\" data-title=\"IMR_5932\" data-description data-image-slug=\"imr_5932\" class=\"shutterset_508d98a6a4e1e08e267320308f3247fe\">\n\t\t\t\t<img title=\"IMR_5932\" alt=\"IMR_5932\" src=\"https:\/\/jhso.cz\/wp-content\/gallery\/2019-oceneni-vyzn-obcanu-mesta-jh\/thumbs\/thumbs_IMR_5932.jpg\" width=\"150\" height=\"150\" style=\"max-width:100%;\">\n\t\t\t<\/a>\n\t\t<\/div>\n\t\t\t\t\t\t\t<\/div> \n\t\t\t\n\t\t\t\t<div id=\"ngg-image-16\" class=\"ngg-gallery-thumbnail-box \n\t\t\t\t\t\t\t\t\t\t\t\">\n\t\t\t\t\t\t<div class=\"ngg-gallery-thumbnail\">\n\t\t\t<a href=\"https:\/\/jhso.cz\/wp-content\/gallery\/2019-oceneni-vyzn-obcanu-mesta-jh\/IMR_5940.jpg\" title data-src=\"https:\/\/jhso.cz\/wp-content\/gallery\/2019-oceneni-vyzn-obcanu-mesta-jh\/IMR_5940.jpg\" data-thumbnail=\"https:\/\/jhso.cz\/wp-content\/gallery\/2019-oceneni-vyzn-obcanu-mesta-jh\/thumbs\/thumbs_IMR_5940.jpg\" data-image-id=\"2800\" data-title=\"IMR_5940\" data-description data-image-slug=\"imr_5940\" class=\"shutterset_508d98a6a4e1e08e267320308f3247fe\">\n\t\t\t\t<img title=\"IMR_5940\" alt=\"IMR_5940\" src=\"https:\/\/jhso.cz\/wp-content\/gallery\/2019-oceneni-vyzn-obcanu-mesta-jh\/thumbs\/thumbs_IMR_5940.jpg\" width=\"150\" height=\"150\" style=\"max-width:100%;\">\n\t\t\t<\/a>\n\t\t<\/div>\n\t\t\t\t\t\t\t<\/div> \n\t\t\t\n\t\t\t\t<div id=\"ngg-image-17\" class=\"ngg-gallery-thumbnail-box \n\t\t\t\t\t\t\t\t\t\t\t\">\n\t\t\t\t\t\t<div class=\"ngg-gallery-thumbnail\">\n\t\t\t<a href=\"https:\/\/jhso.cz\/wp-content\/gallery\/2019-oceneni-vyzn-obcanu-mesta-jh\/IMR_5943.jpg\" title data-src=\"https:\/\/jhso.cz\/wp-content\/gallery\/2019-oceneni-vyzn-obcanu-mesta-jh\/IMR_5943.jpg\" data-thumbnail=\"https:\/\/jhso.cz\/wp-content\/gallery\/2019-oceneni-vyzn-obcanu-mesta-jh\/thumbs\/thumbs_IMR_5943.jpg\" data-image-id=\"2801\" data-title=\"IMR_5943\" data-description data-image-slug=\"imr_5943\" class=\"shutterset_508d98a6a4e1e08e267320308f3247fe\">\n\t\t\t\t<img title=\"IMR_5943\" alt=\"IMR_5943\" src=\"https:\/\/jhso.cz\/wp-content\/gallery\/2019-oceneni-vyzn-obcanu-mesta-jh\/thumbs\/thumbs_IMR_5943.jpg\" width=\"150\" height=\"150\" style=\"max-width:100%;\">\n\t\t\t<\/a>\n\t\t<\/div>\n\t\t\t\t\t\t\t<\/div> \n\t\t\t\n\t\t\t\t<div id=\"ngg-image-18\" class=\"ngg-gallery-thumbnail-box \n\t\t\t\t\t\t\t\t\t\t\t\">\n\t\t\t\t\t\t<div class=\"ngg-gallery-thumbnail\">\n\t\t\t<a href=\"https:\/\/jhso.cz\/wp-content\/gallery\/2019-oceneni-vyzn-obcanu-mesta-jh\/IMR_5945.jpg\" title data-src=\"https:\/\/jhso.cz\/wp-content\/gallery\/2019-oceneni-vyzn-obcanu-mesta-jh\/IMR_5945.jpg\" data-thumbnail=\"https:\/\/jhso.cz\/wp-content\/gallery\/2019-oceneni-vyzn-obcanu-mesta-jh\/thumbs\/thumbs_IMR_5945.jpg\" data-image-id=\"2802\" data-title=\"IMR_5945\" data-description data-image-slug=\"imr_5945\" class=\"shutterset_508d98a6a4e1e08e267320308f3247fe\">\n\t\t\t\t<img title=\"IMR_5945\" alt=\"IMR_5945\" src=\"https:\/\/jhso.cz\/wp-content\/gallery\/2019-oceneni-vyzn-obcanu-mesta-jh\/thumbs\/thumbs_IMR_5945.jpg\" width=\"150\" height=\"150\" style=\"max-width:100%;\">\n\t\t\t<\/a>\n\t\t<\/div>\n\t\t\t\t\t\t\t<\/div> \n\t\t\t\n\t\t\t\t<div id=\"ngg-image-19\" class=\"ngg-gallery-thumbnail-box \n\t\t\t\t\t\t\t\t\t\t\t\">\n\t\t\t\t\t\t<div class=\"ngg-gallery-thumbnail\">\n\t\t\t<a href=\"https:\/\/jhso.cz\/wp-content\/gallery\/2019-oceneni-vyzn-obcanu-mesta-jh\/IMR_5951.jpg\" title data-src=\"https:\/\/jhso.cz\/wp-content\/gallery\/2019-oceneni-vyzn-obcanu-mesta-jh\/IMR_5951.jpg\" data-thumbnail=\"https:\/\/jhso.cz\/wp-content\/gallery\/2019-oceneni-vyzn-obcanu-mesta-jh\/thumbs\/thumbs_IMR_5951.jpg\" data-image-id=\"2803\" data-title=\"IMR_5951\" data-description data-image-slug=\"imr_5951\" class=\"shutterset_508d98a6a4e1e08e267320308f3247fe\">\n\t\t\t\t<img title=\"IMR_5951\" alt=\"IMR_5951\" src=\"https:\/\/jhso.cz\/wp-content\/gallery\/2019-oceneni-vyzn-obcanu-mesta-jh\/thumbs\/thumbs_IMR_5951.jpg\" width=\"150\" height=\"150\" style=\"max-width:100%;\">\n\t\t\t<\/a>\n\t\t<\/div>\n\t\t\t\t\t\t\t<\/div> \n\t\t\t\n\t\n\t<br style=\"clear: both\">\n\n\t\t<div class=\"slideshowlink\">\n\t\t<a href=\"https:\/\/jhso.cz\/index.php\/nggallery\/slideshow?page_id=5014\">[Show as slideshow]<\/a>\n\t\t\n\t<\/div>\n\t\n\t\t<!-- Pagination -->\n\t\t<div class=\"ngg-navigation\"><span class=\"current\">1<\/span>\n<a class=\"page-numbers\" data-pageid=\"2\" href=\"https:\/\/jhso.cz\/index.php\/nggallery\/page\/2?page_id=5014\">2<\/a>\n<span class=\"ellipsis\">\u2026<\/span>\n<a class=\"page-numbers\" data-pageid=\"4\" href=\"https:\/\/jhso.cz\/index.php\/nggallery\/page\/4?page_id=5014\">4<\/a>\n<a class=\"prev\" href=\"https:\/\/jhso.cz\/index.php\/nggallery\/page\/2?page_id=5014\" data-pageid=\"2\">\u25ba<\/a><\/div>\t<\/div>\n\n","protected":false},"excerpt":{"rendered":"","protected":false},"author":3,"featured_media":5015,"parent":4536,"menu_order":13,"comment_status":"closed","ping_status":"closed","template":"","meta":{"wp_typography_post_enhancements_disabled":false,"ngg_post_thumbnail":0,"footnotes":""},"tags":[],"_links":{"self":[{"href":"https:\/\/jhso.cz\/index.php?rest_route=\/wp\/v2\/pages\/5014"}],"collection":[{"href":"https:\/\/jhso.cz\/index.php?rest_route=\/wp\/v2\/pages"}],"about":[{"href":"https:\/\/jhso.cz\/index.php?rest_route=\/wp\/v2\/types\/page"}],"author":[{"embeddable":true,"href":"https:\/\/jhso.cz\/index.php?rest_route=\/wp\/v2\/users\/3"}],"replies":[{"embeddable":true,"href":"https:\/\/jhso.cz\/index.php?rest_route=%2Fwp%2Fv2%2Fcomments&post=5014"}],"version-history":[{"count":2,"href":"https:\/\/jhso.cz\/index.php?rest_route=\/wp\/v2\/pages\/5014\/revisions"}],"predecessor-version":[{"id":5017,"href":"https:\/\/jhso.cz\/index.php?rest_route=\/wp\/v2\/pages\/5014\/revisions\/5017"}],"up":[{"embeddable":true,"href":"https:\/\/jhso.cz\/index.php?rest_route=\/wp\/v2\/pages\/4536"}],"wp:featuredmedia":[{"embeddable":true,"href":"https:\/\/jhso.cz\/index.php?rest_route=\/wp\/v2\/media\/5015"}],"wp:attachment":[{"href":"https:\/\/jhso.cz\/index.php?rest_route=%2Fwp%2Fv2%2Fmedia&parent=5014"}],"wp:term":[{"taxonomy":"post_tag","embeddable":true,"href":"https:\/\/jhso.cz\/index.php?rest_route=%2Fwp%2Fv2%2Ftags&post=5014"}],"curies":[{"name":"wp","href":"https:\/\/api.w.org\/{rel}","templated":true}]}}