{"id":5650,"date":"2023-01-30T22:38:40","date_gmt":"2023-01-30T21:38:40","guid":{"rendered":"https:\/\/jhso.cz\/?page_id=5650"},"modified":"2023-01-30T22:50:48","modified_gmt":"2023-01-30T21:50:48","slug":"koncert-pro-ukrajinu","status":"publish","type":"page","link":"https:\/\/jhso.cz\/?page_id=5650","title":{"rendered":"koncert pro Ukrajinu"},"content":{"rendered":"","protected":false},"excerpt":{"rendered":"<p>Mil\u00ed p\u0159\u00e1\u00adte\u00adl\u00e9,<br>\nji\u017e brzy si bude cel\u00fd sv\u011bt p\u0159i\u00adpo\u00adm\u00ed\u00adnat rok od rus\u00adk\u00e9\u00adho vp\u00e1\u00addu na Ukrajinu.<\/p>\n<p>P\u011bvec\u00adk\u00e9 sbo\u00adry Sme\u00adta\u00adna, <span class=\"caps\">YMCA<\/span> Jakou\u00adbek, Chr\u00e1\u00admo\u00adv\u00fd&nbsp;sbor<br>\nAda\u00adma Mich\u00adny a&nbsp;Zanoty<br>\na&nbsp;Jin\u00add\u0159i\u00adcho\u00adhra\u00addec\u00adk\u00fd sym\u00adfo\u00adnic\u00adk\u00fd orchestr pod z\u00e1\u0161ti\u00adtou sta\u00adros\u00adty m\u011bs\u00adta Jin\u00add\u0159i\u00adch\u016fv Hra\u00addec se k&nbsp;t\u00e9to p\u0159i\u00adpo\u00adm\u00edn\u00adce p\u0159ipoj\u00ed<br>\nspo\u00adle\u010d\u00adn\u00fdm benefi\u010dn\u00edm<br>\n<span class=\"caps\">KONCERTEM<\/span> <span class=\"caps\">PRO<\/span> <span class=\"caps\">UKRAJINU<\/span>&nbsp;\u2013&nbsp;<\/p>\n<p>v sobo\u00adtu 25. 2.&nbsp;2023<br>\nod 18&nbsp;hodin<br>\nv&nbsp;aule<br>\nFakul\u00adty manage\u00admen\u00adtu&nbsp;V\u0160E.&nbsp;<\/p>\n<p>Srde\u010d\u00adn\u011b v\u00e1s na kon\u00adcert&nbsp;zveme!<\/p>\n<p>D\u011bku\u00adje\u00adme zp\u011b\u00adv\u00e1\u00adk\u016fm a&nbsp;hudeb\u00adn\u00ed\u00adk\u016fm za \u00fa\u010dast bez n\u00e1ro\u00adku na hono\u00adr\u00e1\u0159 a&nbsp;<span class=\"caps\">FM<\/span> V\u0160E a&nbsp;m\u011bstu<br>\nJin\u00add\u0159i\u00adch\u016fv Hra\u00addec d\u011bku\u00adje\u00adme za v\u00fdznam\u00adnou pod\u00adpo\u00adru kon\u00adcer\u00adtu. Za kr\u00e1s\u00adn\u00fd pla\u00adk\u00e1t d\u011bku\u00adje\u00adme Micha\u00adlu Hajd\u00edkovi!<br>\nCel\u00fd v\u00fdt\u011b\u00ad\u017eek dob\u00adro\u00advol\u00adn\u00e9\u00adho vstup\u00adn\u00e9\u00adho bude vz\u00e1\u00adp\u011b\u00adt\u00ed ode\u00adsl\u00e1n na kon\u00adto Vel\u00advy\u00adsla\u00adnec\u00adtv\u00ed Ukra\u00adji\u00adny v&nbsp;Pra\u00adze \u2014 304452700\/0300.<\/p>\n<p>Poj\u010f\u00adme spo\u00adle\u010d\u00adn\u011b uk\u00e1\u00adzat, \u017ee na\u0161e pomoc br\u00e1\u00adn\u00ed\u00adc\u00ed se Ukra\u00adji\u00adn\u011b trv\u00e1 a&nbsp;je\u0161\u00adt\u011b ji chce\u00adme a&nbsp;um\u00ed\u00adme podpo\u0159it!<br>\n <a class=\"more-link\" href=\"https:\/\/jhso.cz\/?page_id=5650\">Con\u00adti\u00adnue rea\u00adding <span class=\"meta-nav\">\u2192<\/span><\/a><\/p>\n","protected":false},"author":3,"featured_media":5653,"parent":5648,"menu_order":6,"comment_status":"closed","ping_status":"closed","template":"archiv-template.php","meta":{"wp_typography_post_enhancements_disabled":false,"ngg_post_thumbnail":0,"footnotes":""},"tags":[],"_links":{"self":[{"href":"https:\/\/jhso.cz\/index.php?rest_route=\/wp\/v2\/pages\/5650"}],"collection":[{"href":"https:\/\/jhso.cz\/index.php?rest_route=\/wp\/v2\/pages"}],"about":[{"href":"https:\/\/jhso.cz\/index.php?rest_route=\/wp\/v2\/types\/page"}],"author":[{"embeddable":true,"href":"https:\/\/jhso.cz\/index.php?rest_route=\/wp\/v2\/users\/3"}],"replies":[{"embeddable":true,"href":"https:\/\/jhso.cz\/index.php?rest_route=%2Fwp%2Fv2%2Fcomments&post=5650"}],"version-history":[{"count":4,"href":"https:\/\/jhso.cz\/index.php?rest_route=\/wp\/v2\/pages\/5650\/revisions"}],"predecessor-version":[{"id":5658,"href":"https:\/\/jhso.cz\/index.php?rest_route=\/wp\/v2\/pages\/5650\/revisions\/5658"}],"up":[{"embeddable":true,"href":"https:\/\/jhso.cz\/index.php?rest_route=\/wp\/v2\/pages\/5648"}],"wp:featuredmedia":[{"embeddable":true,"href":"https:\/\/jhso.cz\/index.php?rest_route=\/wp\/v2\/media\/5653"}],"wp:attachment":[{"href":"https:\/\/jhso.cz\/index.php?rest_route=%2Fwp%2Fv2%2Fmedia&parent=5650"}],"wp:term":[{"taxonomy":"post_tag","embeddable":true,"href":"https:\/\/jhso.cz\/index.php?rest_route=%2Fwp%2Fv2%2Ftags&post=5650"}],"curies":[{"name":"wp","href":"https:\/\/api.w.org\/{rel}","templated":true}]}}