{"id":974,"date":"2014-12-27T17:32:03","date_gmt":"2014-12-27T16:32:03","guid":{"rendered":"http:\/\/jhso.cz\/?page_id=974"},"modified":"2015-03-01T18:29:01","modified_gmt":"2015-03-01T17:29:01","slug":"radek-salsa","status":"publish","type":"page","link":"https:\/\/jhso.cz\/?page_id=974","title":{"rendered":"Radek \u0160al\u0161a"},"content":{"rendered":"<p>Stu\u00addo\u00adval diri\u00adgo\u00adv\u00e1\u00adn\u00ed na Kon\u00adzer\u00adva\u00adto\u00ad\u0159i Brno a&nbsp;na Kon\u00adzer\u00adva\u00adto\u00ad\u0159i Jaro\u00adsla\u00adva Je\u017e\u00adka v&nbsp;diri\u00adgent\u00adsk\u00e9 t\u0159\u00ed\u00add\u011b pro\u00adfe\u00adso\u00adra Hyn\u00adka Far\u00adka\u00ad\u010de. P\u016fso\u00adbil jako asi\u00ads\u00adtent diri\u00adgen\u00adta v&nbsp;brn\u011bn\u00adsk\u00e9m sou\u00adbo\u00adru ArsBru\u00adnensis Cho\u00adrus, n\u011bko\u00adli\u00adkr\u00e1t se z\u00fa\u010dast\u00adnil diri\u00adgent\u00adsk\u00fdch kur\u00adz\u016f u&nbsp;orchest\u00adru M\u011bst\u00adsk\u00e9\u00adho diva\u00addla Brno a&nbsp;kur\u00adz\u016f v&nbsp;Tep\u00adlic\u00adk\u00e9 filhar\u00admo\u00adnii.&nbsp;Stu\u00addo\u00adval na Hudeb\u00adn\u00ed fakul\u00adt\u011b Aka\u00adde\u00admie m\u00fazic\u00adk\u00fdch um\u011b\u00adn\u00ed v&nbsp;Pra\u00adze obor Hudeb\u00adn\u00ed re\u017eie. V&nbsp;sou\u00ad\u010das\u00adn\u00e9 dob\u011b p\u016fso\u00adb\u00ed jako um\u011b\u00adlec\u00adk\u00fd vedou\u00adc\u00ed orchest\u00adru \u010cVUT, je diri\u00adgen\u00adtem a&nbsp;um\u011b\u00adlec\u00adk\u00fdm vedou\u00adc\u00edm komor\u00adn\u00ed\u00adho&nbsp;sm\u00ed\u00ad\u0161e\u00adn\u00e9\u00adho p\u011bvec\u00adk\u00e9\u00adho sbo\u00adru <span class=\"caps\">ROSA<\/span> aasi\u00ads\u00adtent diri\u00adgen\u00adta Kyjov\u00adsk\u00e9\u00adho komor\u00adn\u00ed\u00adho orchestruje.<\/p>\n","protected":false},"excerpt":{"rendered":"<p>Stu\u00addo\u00adval diri\u00adgo\u00adv\u00e1\u00adn\u00ed na Kon\u00adzer\u00adva\u00adto\u00ad\u0159i Brno a&nbsp;na Kon\u00adzer\u00adva\u00adto\u00ad\u0159i Jaro\u00adsla\u00adva Je\u017e\u00adka v&nbsp;diri\u00adgent\u00adsk\u00e9 t\u0159\u00ed\u00add\u011b pro\u00adfe\u00adso\u00adra Hyn\u00adka Far\u00adka\u00ad\u010de. P\u016fso\u00adbil jako asi\u00ads\u00adtent diri\u00adgen\u00adta v&nbsp;brn\u011bn\u00adsk\u00e9m sou\u00adbo\u00adru ArsBru\u00adnensis Cho\u00adrus, n\u011bko\u00adli\u00adkr\u00e1t se z\u00fa\u010dast\u00adnil diri\u00adgent\u00adsk\u00fdch kur\u00adz\u016f u&nbsp;orchest\u00adru M\u011bst\u00adsk\u00e9\u00adho diva\u00addla Brno a&nbsp;kur\u00adz\u016f v&nbsp;Tep\u00adlic\u00adk\u00e9 filhar\u00admo\u00adnii.&nbsp;Stu\u00addo\u00adval na Hudeb\u00adn\u00ed fakul\u00adt\u011b Aka\u00adde\u00admie m\u00fazic\u00adk\u00fdch um\u011b\u00adn\u00ed <a class=\"more-link\" href=\"https:\/\/jhso.cz\/?page_id=974\">Con\u00adti\u00adnue rea\u00adding <span class=\"meta-nav\">\u2192<\/span><\/a><\/p>\n","protected":false},"author":3,"featured_media":1005,"parent":15,"menu_order":21,"comment_status":"closed","ping_status":"closed","template":"","meta":{"wp_typography_post_enhancements_disabled":false,"ngg_post_thumbnail":0,"footnotes":""},"tags":[41],"_links":{"self":[{"href":"https:\/\/jhso.cz\/index.php?rest_route=\/wp\/v2\/pages\/974"}],"collection":[{"href":"https:\/\/jhso.cz\/index.php?rest_route=\/wp\/v2\/pages"}],"about":[{"href":"https:\/\/jhso.cz\/index.php?rest_route=\/wp\/v2\/types\/page"}],"author":[{"embeddable":true,"href":"https:\/\/jhso.cz\/index.php?rest_route=\/wp\/v2\/users\/3"}],"replies":[{"embeddable":true,"href":"https:\/\/jhso.cz\/index.php?rest_route=%2Fwp%2Fv2%2Fcomments&post=974"}],"version-history":[{"count":1,"href":"https:\/\/jhso.cz\/index.php?rest_route=\/wp\/v2\/pages\/974\/revisions"}],"predecessor-version":[{"id":980,"href":"https:\/\/jhso.cz\/index.php?rest_route=\/wp\/v2\/pages\/974\/revisions\/980"}],"up":[{"embeddable":true,"href":"https:\/\/jhso.cz\/index.php?rest_route=\/wp\/v2\/pages\/15"}],"wp:featuredmedia":[{"embeddable":true,"href":"https:\/\/jhso.cz\/index.php?rest_route=\/wp\/v2\/media\/1005"}],"wp:attachment":[{"href":"https:\/\/jhso.cz\/index.php?rest_route=%2Fwp%2Fv2%2Fmedia&parent=974"}],"wp:term":[{"taxonomy":"post_tag","embeddable":true,"href":"https:\/\/jhso.cz\/index.php?rest_route=%2Fwp%2Fv2%2Ftags&post=974"}],"curies":[{"name":"wp","href":"https:\/\/api.w.org\/{rel}","templated":true}]}}